{"id":505,"date":"2024-09-13T11:58:27","date_gmt":"2024-09-13T09:58:27","guid":{"rendered":"https:\/\/www.hugot.fr\/?page_id=505"},"modified":"2024-11-14T12:00:58","modified_gmt":"2024-11-14T11:00:58","slug":"company-law-and-conflicts-between-partners","status":"publish","type":"page","link":"https:\/\/www.hugot.fr\/en\/company-law-and-conflicts-between-partners\/","title":{"rendered":"Company law and conflicts between partners"},"content":{"rendered":"<h2>[ CORPORATE LAW ]<\/h2>\n<p>Our firm assists its customers with the creation, management, development and transfer of their businesses, both in advisory and litigation capacities.<\/p>\n<p>At the company formation stage (SAS, SCI, SARL, etc.) or during the life of the company, our team of specialists will advise you on the choice of structure best suited to your planned activity, draw up the necessary documents (drafting or amending articles of association, shareholders\u2019 or partners\u2019 agreements, minutes of AGMs, approval of annual accounts) and take care of all compulsory registration formalities.<\/p>\n<p><img loading=\"lazy\" decoding=\"async\" class=\"alignnone size-full wp-image-893\" src=\"https:\/\/www.hugot.fr\/wp-content\/uploads\/2024\/10\/1G7A2219.jpg\" alt=\"\" width=\"1735\" height=\"1157\" srcset=\"https:\/\/www.hugot.fr\/wp-content\/uploads\/2024\/10\/1G7A2219.jpg 1735w, https:\/\/www.hugot.fr\/wp-content\/uploads\/2024\/10\/1G7A2219-300x200.jpg 300w, https:\/\/www.hugot.fr\/wp-content\/uploads\/2024\/10\/1G7A2219-1024x683.jpg 1024w, https:\/\/www.hugot.fr\/wp-content\/uploads\/2024\/10\/1G7A2219-768x512.jpg 768w, https:\/\/www.hugot.fr\/wp-content\/uploads\/2024\/10\/1G7A2219-1536x1024.jpg 1536w\" sizes=\"auto, (max-width: 1735px) 100vw, 1735px\" \/><\/p>\n<p>Our team can assist you with all aspects of your business life, including setting up partnerships, drafting commercial leases, service\/supplier contracts and licenses (trademarks, software), as well as any internal or external growth or business transfer operation (capital increase, contribution of shares, sale, takeover, buyout).<\/p>\n<p>In the event of disputes or legal proceedings arising from conflicts between <span style=\"font-family: georgia-regular, serif;\"><span lang=\"en-US\">partners<\/span><\/span><span style=\"font-family: georgia-regular, serif;\"><span lang=\"en-US\">\u00a0<\/span><\/span>, from the civil or criminal liability of company directors (misuse of company assets, mismanagement, default, fraud, breach of trust) or from challenges to the validity of company decisions, we have developed extensive expertise in defending the interests of our clients.<\/p>\n<p>Our customers in this field are family-owned companies and groups of companies in the media, culture, luxury goods, fashion and gastronomy sectors.<\/p>\n<p>&nbsp;<\/p>\n","protected":false},"excerpt":{"rendered":"<p>[ CORPORATE LAW ] Our firm assists its customers with the creation, management, development and transfer of their businesses, both in advisory and litigation capacities. At the company formation stage (SAS, SCI, SARL, etc.) or during the life of the company, our team of specialists will advise you on the choice of structure best suited [&hellip;]<\/p>\n","protected":false},"author":2,"featured_media":0,"parent":0,"menu_order":29,"comment_status":"closed","ping_status":"closed","template":"","meta":{"_acf_changed":false,"inline_featured_image":false,"footnotes":""},"class_list":["post-505","page","type-page","status-publish","hentry"],"acf":[],"yoast_head":"<!-- This site is optimized with the Yoast SEO plugin v27.5 - https:\/\/yoast.com\/product\/yoast-seo-wordpress\/ -->\n<title>Company law and conflicts between partners - HUGOT &amp; ASSOCIES<\/title>\n<meta name=\"robots\" content=\"index, follow, max-snippet:-1, max-image-preview:large, max-video-preview:-1\" \/>\n<link rel=\"canonical\" href=\"https:\/\/www.hugot.fr\/en\/company-law-and-conflicts-between-partners\/\" \/>\n<meta property=\"og:locale\" content=\"en_US\" \/>\n<meta property=\"og:type\" content=\"article\" \/>\n<meta property=\"og:title\" content=\"Company law and conflicts between partners - HUGOT &amp; ASSOCIES\" \/>\n<meta property=\"og:description\" content=\"[ CORPORATE LAW ] Our firm assists its customers with the creation, management, development and transfer of their businesses, both in advisory and litigation capacities. At the company formation stage (SAS, SCI, SARL, etc.) or during the life of the company, our team of specialists will advise you on the choice of structure best suited [&hellip;]\" \/>\n<meta property=\"og:url\" content=\"https:\/\/www.hugot.fr\/en\/company-law-and-conflicts-between-partners\/\" \/>\n<meta property=\"og:site_name\" content=\"HUGOT &amp; ASSOCIES\" \/>\n<meta property=\"article:modified_time\" content=\"2024-11-14T11:00:58+00:00\" \/>\n<meta property=\"og:image\" content=\"https:\/\/www.hugot.fr\/wp-content\/uploads\/2024\/10\/1G7A2219.jpg\" \/>\n\t<meta property=\"og:image:width\" content=\"1735\" \/>\n\t<meta property=\"og:image:height\" content=\"1157\" \/>\n\t<meta property=\"og:image:type\" content=\"image\/jpeg\" \/>\n<meta name=\"twitter:card\" content=\"summary_large_image\" \/>\n<meta name=\"twitter:label1\" content=\"Est. reading time\" \/>\n\t<meta name=\"twitter:data1\" content=\"2 minutes\" \/>\n<script type=\"application\/ld+json\" class=\"yoast-schema-graph\">{\"@context\":\"https:\\\/\\\/schema.org\",\"@graph\":[{\"@type\":\"WebPage\",\"@id\":\"https:\\\/\\\/www.hugot.fr\\\/en\\\/company-law-and-conflicts-between-partners\\\/\",\"url\":\"https:\\\/\\\/www.hugot.fr\\\/en\\\/company-law-and-conflicts-between-partners\\\/\",\"name\":\"Company law and conflicts between partners - HUGOT &amp; ASSOCIES\",\"isPartOf\":{\"@id\":\"https:\\\/\\\/www.hugot.fr\\\/en\\\/#website\"},\"primaryImageOfPage\":{\"@id\":\"https:\\\/\\\/www.hugot.fr\\\/en\\\/company-law-and-conflicts-between-partners\\\/#primaryimage\"},\"image\":{\"@id\":\"https:\\\/\\\/www.hugot.fr\\\/en\\\/company-law-and-conflicts-between-partners\\\/#primaryimage\"},\"thumbnailUrl\":\"https:\\\/\\\/www.hugot.fr\\\/wp-content\\\/uploads\\\/2024\\\/10\\\/1G7A2219.jpg\",\"datePublished\":\"2024-09-13T09:58:27+00:00\",\"dateModified\":\"2024-11-14T11:00:58+00:00\",\"breadcrumb\":{\"@id\":\"https:\\\/\\\/www.hugot.fr\\\/en\\\/company-law-and-conflicts-between-partners\\\/#breadcrumb\"},\"inLanguage\":\"en-US\",\"potentialAction\":[{\"@type\":\"ReadAction\",\"target\":[\"https:\\\/\\\/www.hugot.fr\\\/en\\\/company-law-and-conflicts-between-partners\\\/\"]}]},{\"@type\":\"ImageObject\",\"inLanguage\":\"en-US\",\"@id\":\"https:\\\/\\\/www.hugot.fr\\\/en\\\/company-law-and-conflicts-between-partners\\\/#primaryimage\",\"url\":\"https:\\\/\\\/www.hugot.fr\\\/wp-content\\\/uploads\\\/2024\\\/10\\\/1G7A2219.jpg\",\"contentUrl\":\"https:\\\/\\\/www.hugot.fr\\\/wp-content\\\/uploads\\\/2024\\\/10\\\/1G7A2219.jpg\"},{\"@type\":\"BreadcrumbList\",\"@id\":\"https:\\\/\\\/www.hugot.fr\\\/en\\\/company-law-and-conflicts-between-partners\\\/#breadcrumb\",\"itemListElement\":[{\"@type\":\"ListItem\",\"position\":1,\"name\":\"Accueil\",\"item\":\"https:\\\/\\\/www.hugot.fr\\\/en\\\/\"},{\"@type\":\"ListItem\",\"position\":2,\"name\":\"Company law and conflicts between partners\"}]},{\"@type\":\"WebSite\",\"@id\":\"https:\\\/\\\/www.hugot.fr\\\/en\\\/#website\",\"url\":\"https:\\\/\\\/www.hugot.fr\\\/en\\\/\",\"name\":\"HUGOT & ASSOCIES\",\"description\":\"HUGOT &amp; ASSOCI\u00c9S est un cabinet d\u2019affaires r\u00e9actif d\u00e9di\u00e9 aux soci\u00e9t\u00e9s et aux personnes des secteurs de la communication, des m\u00e9dias, de l\u2019art et des nouvelles technologies.\",\"publisher\":{\"@id\":\"https:\\\/\\\/www.hugot.fr\\\/en\\\/#organization\"},\"potentialAction\":[{\"@type\":\"SearchAction\",\"target\":{\"@type\":\"EntryPoint\",\"urlTemplate\":\"https:\\\/\\\/www.hugot.fr\\\/en\\\/?s={search_term_string}\"},\"query-input\":{\"@type\":\"PropertyValueSpecification\",\"valueRequired\":true,\"valueName\":\"search_term_string\"}}],\"inLanguage\":\"en-US\"},{\"@type\":\"Organization\",\"@id\":\"https:\\\/\\\/www.hugot.fr\\\/en\\\/#organization\",\"name\":\"HUGOT & ASSOCIES\",\"url\":\"https:\\\/\\\/www.hugot.fr\\\/en\\\/\",\"logo\":{\"@type\":\"ImageObject\",\"inLanguage\":\"en-US\",\"@id\":\"https:\\\/\\\/www.hugot.fr\\\/en\\\/#\\\/schema\\\/logo\\\/image\\\/\",\"url\":\"https:\\\/\\\/www.hugot.fr\\\/wp-content\\\/uploads\\\/2024\\\/08\\\/logo.svg\",\"contentUrl\":\"https:\\\/\\\/www.hugot.fr\\\/wp-content\\\/uploads\\\/2024\\\/08\\\/logo.svg\",\"width\":\"1024\",\"height\":\"1024\",\"caption\":\"HUGOT & ASSOCIES\"},\"image\":{\"@id\":\"https:\\\/\\\/www.hugot.fr\\\/en\\\/#\\\/schema\\\/logo\\\/image\\\/\"},\"sameAs\":[\"https:\\\/\\\/www.linkedin.com\\\/in\\\/jean-philippe-hugot-b94464\\\/\"]}]}<\/script>\n<!-- \/ Yoast SEO plugin. -->","yoast_head_json":{"title":"Company law and conflicts between partners - HUGOT &amp; ASSOCIES","robots":{"index":"index","follow":"follow","max-snippet":"max-snippet:-1","max-image-preview":"max-image-preview:large","max-video-preview":"max-video-preview:-1"},"canonical":"https:\/\/www.hugot.fr\/en\/company-law-and-conflicts-between-partners\/","og_locale":"en_US","og_type":"article","og_title":"Company law and conflicts between partners - HUGOT &amp; ASSOCIES","og_description":"[ CORPORATE LAW ] Our firm assists its customers with the creation, management, development and transfer of their businesses, both in advisory and litigation capacities. At the company formation stage (SAS, SCI, SARL, etc.) or during the life of the company, our team of specialists will advise you on the choice of structure best suited [&hellip;]","og_url":"https:\/\/www.hugot.fr\/en\/company-law-and-conflicts-between-partners\/","og_site_name":"HUGOT &amp; ASSOCIES","article_modified_time":"2024-11-14T11:00:58+00:00","og_image":[{"width":1735,"height":1157,"url":"https:\/\/www.hugot.fr\/wp-content\/uploads\/2024\/10\/1G7A2219.jpg","type":"image\/jpeg"}],"twitter_card":"summary_large_image","twitter_misc":{"Est. reading time":"2 minutes"},"schema":{"@context":"https:\/\/schema.org","@graph":[{"@type":"WebPage","@id":"https:\/\/www.hugot.fr\/en\/company-law-and-conflicts-between-partners\/","url":"https:\/\/www.hugot.fr\/en\/company-law-and-conflicts-between-partners\/","name":"Company law and conflicts between partners - HUGOT &amp; ASSOCIES","isPartOf":{"@id":"https:\/\/www.hugot.fr\/en\/#website"},"primaryImageOfPage":{"@id":"https:\/\/www.hugot.fr\/en\/company-law-and-conflicts-between-partners\/#primaryimage"},"image":{"@id":"https:\/\/www.hugot.fr\/en\/company-law-and-conflicts-between-partners\/#primaryimage"},"thumbnailUrl":"https:\/\/www.hugot.fr\/wp-content\/uploads\/2024\/10\/1G7A2219.jpg","datePublished":"2024-09-13T09:58:27+00:00","dateModified":"2024-11-14T11:00:58+00:00","breadcrumb":{"@id":"https:\/\/www.hugot.fr\/en\/company-law-and-conflicts-between-partners\/#breadcrumb"},"inLanguage":"en-US","potentialAction":[{"@type":"ReadAction","target":["https:\/\/www.hugot.fr\/en\/company-law-and-conflicts-between-partners\/"]}]},{"@type":"ImageObject","inLanguage":"en-US","@id":"https:\/\/www.hugot.fr\/en\/company-law-and-conflicts-between-partners\/#primaryimage","url":"https:\/\/www.hugot.fr\/wp-content\/uploads\/2024\/10\/1G7A2219.jpg","contentUrl":"https:\/\/www.hugot.fr\/wp-content\/uploads\/2024\/10\/1G7A2219.jpg"},{"@type":"BreadcrumbList","@id":"https:\/\/www.hugot.fr\/en\/company-law-and-conflicts-between-partners\/#breadcrumb","itemListElement":[{"@type":"ListItem","position":1,"name":"Accueil","item":"https:\/\/www.hugot.fr\/en\/"},{"@type":"ListItem","position":2,"name":"Company law and conflicts between partners"}]},{"@type":"WebSite","@id":"https:\/\/www.hugot.fr\/en\/#website","url":"https:\/\/www.hugot.fr\/en\/","name":"HUGOT & ASSOCIES","description":"HUGOT &amp; ASSOCI\u00c9S est un cabinet d\u2019affaires r\u00e9actif d\u00e9di\u00e9 aux soci\u00e9t\u00e9s et aux personnes des secteurs de la communication, des m\u00e9dias, de l\u2019art et des nouvelles technologies.","publisher":{"@id":"https:\/\/www.hugot.fr\/en\/#organization"},"potentialAction":[{"@type":"SearchAction","target":{"@type":"EntryPoint","urlTemplate":"https:\/\/www.hugot.fr\/en\/?s={search_term_string}"},"query-input":{"@type":"PropertyValueSpecification","valueRequired":true,"valueName":"search_term_string"}}],"inLanguage":"en-US"},{"@type":"Organization","@id":"https:\/\/www.hugot.fr\/en\/#organization","name":"HUGOT & ASSOCIES","url":"https:\/\/www.hugot.fr\/en\/","logo":{"@type":"ImageObject","inLanguage":"en-US","@id":"https:\/\/www.hugot.fr\/en\/#\/schema\/logo\/image\/","url":"https:\/\/www.hugot.fr\/wp-content\/uploads\/2024\/08\/logo.svg","contentUrl":"https:\/\/www.hugot.fr\/wp-content\/uploads\/2024\/08\/logo.svg","width":"1024","height":"1024","caption":"HUGOT & ASSOCIES"},"image":{"@id":"https:\/\/www.hugot.fr\/en\/#\/schema\/logo\/image\/"},"sameAs":["https:\/\/www.linkedin.com\/in\/jean-philippe-hugot-b94464\/"]}]}},"_links":{"self":[{"href":"https:\/\/www.hugot.fr\/en\/wp-json\/wp\/v2\/pages\/505","targetHints":{"allow":["GET"]}}],"collection":[{"href":"https:\/\/www.hugot.fr\/en\/wp-json\/wp\/v2\/pages"}],"about":[{"href":"https:\/\/www.hugot.fr\/en\/wp-json\/wp\/v2\/types\/page"}],"author":[{"embeddable":true,"href":"https:\/\/www.hugot.fr\/en\/wp-json\/wp\/v2\/users\/2"}],"replies":[{"embeddable":true,"href":"https:\/\/www.hugot.fr\/en\/wp-json\/wp\/v2\/comments?post=505"}],"version-history":[{"count":8,"href":"https:\/\/www.hugot.fr\/en\/wp-json\/wp\/v2\/pages\/505\/revisions"}],"predecessor-version":[{"id":1106,"href":"https:\/\/www.hugot.fr\/en\/wp-json\/wp\/v2\/pages\/505\/revisions\/1106"}],"wp:attachment":[{"href":"https:\/\/www.hugot.fr\/en\/wp-json\/wp\/v2\/media?parent=505"}],"curies":[{"name":"wp","href":"https:\/\/api.w.org\/{rel}","templated":true}]}}