{"id":368,"date":"2024-07-31T18:33:50","date_gmt":"2024-07-31T16:33:50","guid":{"rendered":"https:\/\/www.hugot.fr\/?page_id=368"},"modified":"2025-12-16T10:08:43","modified_gmt":"2025-12-16T09:08:43","slug":"music-law","status":"publish","type":"page","link":"https:\/\/www.hugot.fr\/en\/music-law\/","title":{"rendered":"Music law"},"content":{"rendered":"<h2>[ MUSIC LAW ]<\/h2>\n<p>The firm has acquired particular expertise in this field.<\/p>\n<p>We act on behalf of producers and performers, in the conclusion of all major contracts, such as publishing, production, distribution, recording, performer and preference contracts, taking into account the new specificities of digital distribution.<\/p>\n<p><img loading=\"lazy\" decoding=\"async\" class=\"alignnone size-full wp-image-1036\" src=\"https:\/\/www.hugot.fr\/wp-content\/uploads\/2024\/11\/1G7A2256.jpg\" alt=\"\" width=\"1735\" height=\"1157\" srcset=\"https:\/\/www.hugot.fr\/wp-content\/uploads\/2024\/11\/1G7A2256.jpg 1735w, https:\/\/www.hugot.fr\/wp-content\/uploads\/2024\/11\/1G7A2256-300x200.jpg 300w, https:\/\/www.hugot.fr\/wp-content\/uploads\/2024\/11\/1G7A2256-1024x683.jpg 1024w, https:\/\/www.hugot.fr\/wp-content\/uploads\/2024\/11\/1G7A2256-768x512.jpg 768w, https:\/\/www.hugot.fr\/wp-content\/uploads\/2024\/11\/1G7A2256-1536x1024.jpg 1536w\" sizes=\"auto, (max-width: 1735px) 100vw, 1735px\" \/><\/p>\n<p>We also advise our clients on the management of songwriters&#8217; and composers&#8217; copyrights, and on the filings to be made with collective management societies.<\/p>\n<p>We also handle litigation relating to the performance of contracts, as well as counterfeiting of musical works.<\/p>\n<p><img loading=\"lazy\" decoding=\"async\" class=\"alignnone wp-image-935 size-medium\" src=\"https:\/\/www.hugot.fr\/wp-content\/uploads\/2024\/10\/medias-and-entertainment-droit-de-la-musique-cabinet-d-avocats-france-2024-standard_page-0001-300x157.jpg\" alt=\"\" width=\"300\" height=\"157\" srcset=\"https:\/\/www.hugot.fr\/wp-content\/uploads\/2024\/10\/medias-and-entertainment-droit-de-la-musique-cabinet-d-avocats-france-2024-standard_page-0001-300x157.jpg 300w, https:\/\/www.hugot.fr\/wp-content\/uploads\/2024\/10\/medias-and-entertainment-droit-de-la-musique-cabinet-d-avocats-france-2024-standard_page-0001-1024x536.jpg 1024w, https:\/\/www.hugot.fr\/wp-content\/uploads\/2024\/10\/medias-and-entertainment-droit-de-la-musique-cabinet-d-avocats-france-2024-standard_page-0001-768x402.jpg 768w, https:\/\/www.hugot.fr\/wp-content\/uploads\/2024\/10\/medias-and-entertainment-droit-de-la-musique-cabinet-d-avocats-france-2024-standard_page-0001-1536x803.jpg 1536w, https:\/\/www.hugot.fr\/wp-content\/uploads\/2024\/10\/medias-and-entertainment-droit-de-la-musique-cabinet-d-avocats-france-2024-standard_page-0001.jpg 1625w\" sizes=\"auto, (max-width: 300px) 100vw, 300px\" \/><\/p>\n<p><img loading=\"lazy\" decoding=\"async\" class=\"alignnone size-medium wp-image-1206\" src=\"https:\/\/www.hugot.fr\/wp-content\/uploads\/2025\/12\/leadersleague-label-certification-2025-12-15_Musique_pratique-300x157.jpg\" alt=\"\" width=\"300\" height=\"157\" srcset=\"https:\/\/www.hugot.fr\/wp-content\/uploads\/2025\/12\/leadersleague-label-certification-2025-12-15_Musique_pratique-300x157.jpg 300w, https:\/\/www.hugot.fr\/wp-content\/uploads\/2025\/12\/leadersleague-label-certification-2025-12-15_Musique_pratique-1024x536.jpg 1024w, https:\/\/www.hugot.fr\/wp-content\/uploads\/2025\/12\/leadersleague-label-certification-2025-12-15_Musique_pratique-768x402.jpg 768w, https:\/\/www.hugot.fr\/wp-content\/uploads\/2025\/12\/leadersleague-label-certification-2025-12-15_Musique_pratique.jpg 1040w\" sizes=\"auto, (max-width: 300px) 100vw, 300px\" \/><\/p>\n","protected":false},"excerpt":{"rendered":"<p>[ MUSIC LAW ] The firm has acquired particular expertise in this field. We act on behalf of producers and performers, in the conclusion of all major contracts, such as publishing, production, distribution, recording, performer and preference contracts, taking into account the new specificities of digital distribution. We also advise our clients on the management [&hellip;]<\/p>\n","protected":false},"author":2,"featured_media":0,"parent":0,"menu_order":16,"comment_status":"closed","ping_status":"closed","template":"","meta":{"_acf_changed":false,"inline_featured_image":false,"footnotes":""},"class_list":["post-368","page","type-page","status-publish","hentry"],"acf":[],"yoast_head":"<!-- This site is optimized with the Yoast SEO plugin v27.5 - https:\/\/yoast.com\/product\/yoast-seo-wordpress\/ -->\n<title>Music law - HUGOT &amp; ASSOCIES<\/title>\n<meta name=\"robots\" content=\"index, follow, max-snippet:-1, max-image-preview:large, max-video-preview:-1\" \/>\n<link rel=\"canonical\" href=\"https:\/\/www.hugot.fr\/en\/music-law\/\" \/>\n<meta property=\"og:locale\" content=\"en_US\" \/>\n<meta property=\"og:type\" content=\"article\" \/>\n<meta property=\"og:title\" content=\"Music law - HUGOT &amp; ASSOCIES\" \/>\n<meta property=\"og:description\" content=\"[ MUSIC LAW ] The firm has acquired particular expertise in this field. We act on behalf of producers and performers, in the conclusion of all major contracts, such as publishing, production, distribution, recording, performer and preference contracts, taking into account the new specificities of digital distribution. We also advise our clients on the management [&hellip;]\" \/>\n<meta property=\"og:url\" content=\"https:\/\/www.hugot.fr\/en\/music-law\/\" \/>\n<meta property=\"og:site_name\" content=\"HUGOT &amp; ASSOCIES\" \/>\n<meta property=\"article:modified_time\" content=\"2025-12-16T09:08:43+00:00\" \/>\n<meta property=\"og:image\" content=\"https:\/\/www.hugot.fr\/wp-content\/uploads\/2024\/11\/1G7A2256.jpg\" \/>\n\t<meta property=\"og:image:width\" content=\"1735\" \/>\n\t<meta property=\"og:image:height\" content=\"1157\" \/>\n\t<meta property=\"og:image:type\" content=\"image\/jpeg\" \/>\n<meta name=\"twitter:card\" content=\"summary_large_image\" \/>\n<meta name=\"twitter:label1\" content=\"Est. reading time\" \/>\n\t<meta name=\"twitter:data1\" content=\"1 minute\" \/>\n<script type=\"application\/ld+json\" class=\"yoast-schema-graph\">{\"@context\":\"https:\\\/\\\/schema.org\",\"@graph\":[{\"@type\":\"WebPage\",\"@id\":\"https:\\\/\\\/www.hugot.fr\\\/en\\\/music-law\\\/\",\"url\":\"https:\\\/\\\/www.hugot.fr\\\/en\\\/music-law\\\/\",\"name\":\"Music law - HUGOT &amp; ASSOCIES\",\"isPartOf\":{\"@id\":\"https:\\\/\\\/www.hugot.fr\\\/en\\\/#website\"},\"primaryImageOfPage\":{\"@id\":\"https:\\\/\\\/www.hugot.fr\\\/en\\\/music-law\\\/#primaryimage\"},\"image\":{\"@id\":\"https:\\\/\\\/www.hugot.fr\\\/en\\\/music-law\\\/#primaryimage\"},\"thumbnailUrl\":\"https:\\\/\\\/www.hugot.fr\\\/wp-content\\\/uploads\\\/2024\\\/11\\\/1G7A2256.jpg\",\"datePublished\":\"2024-07-31T16:33:50+00:00\",\"dateModified\":\"2025-12-16T09:08:43+00:00\",\"breadcrumb\":{\"@id\":\"https:\\\/\\\/www.hugot.fr\\\/en\\\/music-law\\\/#breadcrumb\"},\"inLanguage\":\"en-US\",\"potentialAction\":[{\"@type\":\"ReadAction\",\"target\":[\"https:\\\/\\\/www.hugot.fr\\\/en\\\/music-law\\\/\"]}]},{\"@type\":\"ImageObject\",\"inLanguage\":\"en-US\",\"@id\":\"https:\\\/\\\/www.hugot.fr\\\/en\\\/music-law\\\/#primaryimage\",\"url\":\"https:\\\/\\\/www.hugot.fr\\\/wp-content\\\/uploads\\\/2024\\\/11\\\/1G7A2256.jpg\",\"contentUrl\":\"https:\\\/\\\/www.hugot.fr\\\/wp-content\\\/uploads\\\/2024\\\/11\\\/1G7A2256.jpg\"},{\"@type\":\"BreadcrumbList\",\"@id\":\"https:\\\/\\\/www.hugot.fr\\\/en\\\/music-law\\\/#breadcrumb\",\"itemListElement\":[{\"@type\":\"ListItem\",\"position\":1,\"name\":\"Accueil\",\"item\":\"https:\\\/\\\/www.hugot.fr\\\/en\\\/\"},{\"@type\":\"ListItem\",\"position\":2,\"name\":\"Music law\"}]},{\"@type\":\"WebSite\",\"@id\":\"https:\\\/\\\/www.hugot.fr\\\/en\\\/#website\",\"url\":\"https:\\\/\\\/www.hugot.fr\\\/en\\\/\",\"name\":\"HUGOT & ASSOCIES\",\"description\":\"HUGOT &amp; ASSOCI\u00c9S est un cabinet d\u2019affaires r\u00e9actif d\u00e9di\u00e9 aux soci\u00e9t\u00e9s et aux personnes des secteurs de la communication, des m\u00e9dias, de l\u2019art et des nouvelles technologies.\",\"publisher\":{\"@id\":\"https:\\\/\\\/www.hugot.fr\\\/en\\\/#organization\"},\"potentialAction\":[{\"@type\":\"SearchAction\",\"target\":{\"@type\":\"EntryPoint\",\"urlTemplate\":\"https:\\\/\\\/www.hugot.fr\\\/en\\\/?s={search_term_string}\"},\"query-input\":{\"@type\":\"PropertyValueSpecification\",\"valueRequired\":true,\"valueName\":\"search_term_string\"}}],\"inLanguage\":\"en-US\"},{\"@type\":\"Organization\",\"@id\":\"https:\\\/\\\/www.hugot.fr\\\/en\\\/#organization\",\"name\":\"HUGOT & ASSOCIES\",\"url\":\"https:\\\/\\\/www.hugot.fr\\\/en\\\/\",\"logo\":{\"@type\":\"ImageObject\",\"inLanguage\":\"en-US\",\"@id\":\"https:\\\/\\\/www.hugot.fr\\\/en\\\/#\\\/schema\\\/logo\\\/image\\\/\",\"url\":\"https:\\\/\\\/www.hugot.fr\\\/wp-content\\\/uploads\\\/2024\\\/08\\\/logo.svg\",\"contentUrl\":\"https:\\\/\\\/www.hugot.fr\\\/wp-content\\\/uploads\\\/2024\\\/08\\\/logo.svg\",\"width\":\"1024\",\"height\":\"1024\",\"caption\":\"HUGOT & ASSOCIES\"},\"image\":{\"@id\":\"https:\\\/\\\/www.hugot.fr\\\/en\\\/#\\\/schema\\\/logo\\\/image\\\/\"},\"sameAs\":[\"https:\\\/\\\/www.linkedin.com\\\/in\\\/jean-philippe-hugot-b94464\\\/\"]}]}<\/script>\n<!-- \/ Yoast SEO plugin. -->","yoast_head_json":{"title":"Music law - HUGOT &amp; ASSOCIES","robots":{"index":"index","follow":"follow","max-snippet":"max-snippet:-1","max-image-preview":"max-image-preview:large","max-video-preview":"max-video-preview:-1"},"canonical":"https:\/\/www.hugot.fr\/en\/music-law\/","og_locale":"en_US","og_type":"article","og_title":"Music law - HUGOT &amp; ASSOCIES","og_description":"[ MUSIC LAW ] The firm has acquired particular expertise in this field. We act on behalf of producers and performers, in the conclusion of all major contracts, such as publishing, production, distribution, recording, performer and preference contracts, taking into account the new specificities of digital distribution. We also advise our clients on the management [&hellip;]","og_url":"https:\/\/www.hugot.fr\/en\/music-law\/","og_site_name":"HUGOT &amp; ASSOCIES","article_modified_time":"2025-12-16T09:08:43+00:00","og_image":[{"width":1735,"height":1157,"url":"https:\/\/www.hugot.fr\/wp-content\/uploads\/2024\/11\/1G7A2256.jpg","type":"image\/jpeg"}],"twitter_card":"summary_large_image","twitter_misc":{"Est. reading time":"1 minute"},"schema":{"@context":"https:\/\/schema.org","@graph":[{"@type":"WebPage","@id":"https:\/\/www.hugot.fr\/en\/music-law\/","url":"https:\/\/www.hugot.fr\/en\/music-law\/","name":"Music law - HUGOT &amp; ASSOCIES","isPartOf":{"@id":"https:\/\/www.hugot.fr\/en\/#website"},"primaryImageOfPage":{"@id":"https:\/\/www.hugot.fr\/en\/music-law\/#primaryimage"},"image":{"@id":"https:\/\/www.hugot.fr\/en\/music-law\/#primaryimage"},"thumbnailUrl":"https:\/\/www.hugot.fr\/wp-content\/uploads\/2024\/11\/1G7A2256.jpg","datePublished":"2024-07-31T16:33:50+00:00","dateModified":"2025-12-16T09:08:43+00:00","breadcrumb":{"@id":"https:\/\/www.hugot.fr\/en\/music-law\/#breadcrumb"},"inLanguage":"en-US","potentialAction":[{"@type":"ReadAction","target":["https:\/\/www.hugot.fr\/en\/music-law\/"]}]},{"@type":"ImageObject","inLanguage":"en-US","@id":"https:\/\/www.hugot.fr\/en\/music-law\/#primaryimage","url":"https:\/\/www.hugot.fr\/wp-content\/uploads\/2024\/11\/1G7A2256.jpg","contentUrl":"https:\/\/www.hugot.fr\/wp-content\/uploads\/2024\/11\/1G7A2256.jpg"},{"@type":"BreadcrumbList","@id":"https:\/\/www.hugot.fr\/en\/music-law\/#breadcrumb","itemListElement":[{"@type":"ListItem","position":1,"name":"Accueil","item":"https:\/\/www.hugot.fr\/en\/"},{"@type":"ListItem","position":2,"name":"Music law"}]},{"@type":"WebSite","@id":"https:\/\/www.hugot.fr\/en\/#website","url":"https:\/\/www.hugot.fr\/en\/","name":"HUGOT & ASSOCIES","description":"HUGOT &amp; ASSOCI\u00c9S est un cabinet d\u2019affaires r\u00e9actif d\u00e9di\u00e9 aux soci\u00e9t\u00e9s et aux personnes des secteurs de la communication, des m\u00e9dias, de l\u2019art et des nouvelles technologies.","publisher":{"@id":"https:\/\/www.hugot.fr\/en\/#organization"},"potentialAction":[{"@type":"SearchAction","target":{"@type":"EntryPoint","urlTemplate":"https:\/\/www.hugot.fr\/en\/?s={search_term_string}"},"query-input":{"@type":"PropertyValueSpecification","valueRequired":true,"valueName":"search_term_string"}}],"inLanguage":"en-US"},{"@type":"Organization","@id":"https:\/\/www.hugot.fr\/en\/#organization","name":"HUGOT & ASSOCIES","url":"https:\/\/www.hugot.fr\/en\/","logo":{"@type":"ImageObject","inLanguage":"en-US","@id":"https:\/\/www.hugot.fr\/en\/#\/schema\/logo\/image\/","url":"https:\/\/www.hugot.fr\/wp-content\/uploads\/2024\/08\/logo.svg","contentUrl":"https:\/\/www.hugot.fr\/wp-content\/uploads\/2024\/08\/logo.svg","width":"1024","height":"1024","caption":"HUGOT & ASSOCIES"},"image":{"@id":"https:\/\/www.hugot.fr\/en\/#\/schema\/logo\/image\/"},"sameAs":["https:\/\/www.linkedin.com\/in\/jean-philippe-hugot-b94464\/"]}]}},"_links":{"self":[{"href":"https:\/\/www.hugot.fr\/en\/wp-json\/wp\/v2\/pages\/368","targetHints":{"allow":["GET"]}}],"collection":[{"href":"https:\/\/www.hugot.fr\/en\/wp-json\/wp\/v2\/pages"}],"about":[{"href":"https:\/\/www.hugot.fr\/en\/wp-json\/wp\/v2\/types\/page"}],"author":[{"embeddable":true,"href":"https:\/\/www.hugot.fr\/en\/wp-json\/wp\/v2\/users\/2"}],"replies":[{"embeddable":true,"href":"https:\/\/www.hugot.fr\/en\/wp-json\/wp\/v2\/comments?post=368"}],"version-history":[{"count":11,"href":"https:\/\/www.hugot.fr\/en\/wp-json\/wp\/v2\/pages\/368\/revisions"}],"predecessor-version":[{"id":1212,"href":"https:\/\/www.hugot.fr\/en\/wp-json\/wp\/v2\/pages\/368\/revisions\/1212"}],"wp:attachment":[{"href":"https:\/\/www.hugot.fr\/en\/wp-json\/wp\/v2\/media?parent=368"}],"curies":[{"name":"wp","href":"https:\/\/api.w.org\/{rel}","templated":true}]}}