{"id":366,"date":"2024-07-31T18:33:35","date_gmt":"2024-07-31T16:33:35","guid":{"rendered":"https:\/\/www.hugot.fr\/?page_id=366"},"modified":"2024-11-14T12:01:53","modified_gmt":"2024-11-14T11:01:53","slug":"artists-estate","status":"publish","type":"page","link":"https:\/\/www.hugot.fr\/en\/artists-estate\/","title":{"rendered":"Artists estate"},"content":{"rendered":"<h2>[ Artists estate ]<\/h2>\n<p>Our specialization in the art world has led us to handle a large number of artists&#8217; estates, which, in addition to the classic application of inheritance law, require in-depth knowledge of art and intellectual property law, and often expertise in international law, as these disputes are often of an international nature.<\/p>\n<p>We are ideally placed to handle such cases and have acquired internationally recognized expertise in this field.<\/p>\n<p><img loading=\"lazy\" decoding=\"async\" class=\"alignnone size-full wp-image-815\" src=\"https:\/\/www.hugot.fr\/wp-content\/uploads\/2024\/10\/succession-artiste.jpg\" alt=\"\" width=\"1735\" height=\"1157\" srcset=\"https:\/\/www.hugot.fr\/wp-content\/uploads\/2024\/10\/succession-artiste.jpg 1735w, https:\/\/www.hugot.fr\/wp-content\/uploads\/2024\/10\/succession-artiste-300x200.jpg 300w, https:\/\/www.hugot.fr\/wp-content\/uploads\/2024\/10\/succession-artiste-1024x683.jpg 1024w, https:\/\/www.hugot.fr\/wp-content\/uploads\/2024\/10\/succession-artiste-768x512.jpg 768w, https:\/\/www.hugot.fr\/wp-content\/uploads\/2024\/10\/succession-artiste-1536x1024.jpg 1536w\" sizes=\"auto, (max-width: 1735px) 100vw, 1735px\" \/><\/p>\n<p>For example, we have acted and continue to act for painters, sculptors, photographers and singers, as well as fashion designers.<\/p>\n<p>For example, we have acted for painters such as Vuillard, Degottex, Zao Wou Ki, Braque and Hartung, as well as for authors and writers such as G\u00e9rard de Villiers, singers such as Gilbert B\u00e9caud, and major collectors.<\/p>\n","protected":false},"excerpt":{"rendered":"<p>[ Artists estate ] Our specialization in the art world has led us to handle a large number of artists&#8217; estates, which, in addition to the classic application of inheritance law, require in-depth knowledge of art and intellectual property law, and often expertise in international law, as these disputes are often of an international nature. [&hellip;]<\/p>\n","protected":false},"author":2,"featured_media":0,"parent":0,"menu_order":8,"comment_status":"closed","ping_status":"closed","template":"","meta":{"_acf_changed":false,"inline_featured_image":false,"footnotes":""},"class_list":["post-366","page","type-page","status-publish","hentry"],"acf":[],"yoast_head":"<!-- This site is optimized with the Yoast SEO plugin v27.5 - https:\/\/yoast.com\/product\/yoast-seo-wordpress\/ -->\n<title>Artists estate - HUGOT &amp; ASSOCIES<\/title>\n<meta name=\"robots\" content=\"index, follow, max-snippet:-1, max-image-preview:large, max-video-preview:-1\" \/>\n<link rel=\"canonical\" href=\"https:\/\/www.hugot.fr\/en\/artists-estate\/\" \/>\n<meta property=\"og:locale\" content=\"en_US\" \/>\n<meta property=\"og:type\" content=\"article\" \/>\n<meta property=\"og:title\" content=\"Artists estate - HUGOT &amp; ASSOCIES\" \/>\n<meta property=\"og:description\" content=\"[ Artists estate ] Our specialization in the art world has led us to handle a large number of artists&#8217; estates, which, in addition to the classic application of inheritance law, require in-depth knowledge of art and intellectual property law, and often expertise in international law, as these disputes are often of an international nature. [&hellip;]\" \/>\n<meta property=\"og:url\" content=\"https:\/\/www.hugot.fr\/en\/artists-estate\/\" \/>\n<meta property=\"og:site_name\" content=\"HUGOT &amp; ASSOCIES\" \/>\n<meta property=\"article:modified_time\" content=\"2024-11-14T11:01:53+00:00\" \/>\n<meta property=\"og:image\" content=\"https:\/\/www.hugot.fr\/wp-content\/uploads\/2024\/10\/succession-artiste.jpg\" \/>\n\t<meta property=\"og:image:width\" content=\"1735\" \/>\n\t<meta property=\"og:image:height\" content=\"1157\" \/>\n\t<meta property=\"og:image:type\" content=\"image\/jpeg\" \/>\n<meta name=\"twitter:card\" content=\"summary_large_image\" \/>\n<meta name=\"twitter:label1\" content=\"Est. reading time\" \/>\n\t<meta name=\"twitter:data1\" content=\"1 minute\" \/>\n<script type=\"application\/ld+json\" class=\"yoast-schema-graph\">{\"@context\":\"https:\\\/\\\/schema.org\",\"@graph\":[{\"@type\":\"WebPage\",\"@id\":\"https:\\\/\\\/www.hugot.fr\\\/en\\\/artists-estate\\\/\",\"url\":\"https:\\\/\\\/www.hugot.fr\\\/en\\\/artists-estate\\\/\",\"name\":\"Artists estate - HUGOT &amp; ASSOCIES\",\"isPartOf\":{\"@id\":\"https:\\\/\\\/www.hugot.fr\\\/en\\\/#website\"},\"primaryImageOfPage\":{\"@id\":\"https:\\\/\\\/www.hugot.fr\\\/en\\\/artists-estate\\\/#primaryimage\"},\"image\":{\"@id\":\"https:\\\/\\\/www.hugot.fr\\\/en\\\/artists-estate\\\/#primaryimage\"},\"thumbnailUrl\":\"https:\\\/\\\/www.hugot.fr\\\/wp-content\\\/uploads\\\/2024\\\/10\\\/succession-artiste.jpg\",\"datePublished\":\"2024-07-31T16:33:35+00:00\",\"dateModified\":\"2024-11-14T11:01:53+00:00\",\"breadcrumb\":{\"@id\":\"https:\\\/\\\/www.hugot.fr\\\/en\\\/artists-estate\\\/#breadcrumb\"},\"inLanguage\":\"en-US\",\"potentialAction\":[{\"@type\":\"ReadAction\",\"target\":[\"https:\\\/\\\/www.hugot.fr\\\/en\\\/artists-estate\\\/\"]}]},{\"@type\":\"ImageObject\",\"inLanguage\":\"en-US\",\"@id\":\"https:\\\/\\\/www.hugot.fr\\\/en\\\/artists-estate\\\/#primaryimage\",\"url\":\"https:\\\/\\\/www.hugot.fr\\\/wp-content\\\/uploads\\\/2024\\\/10\\\/succession-artiste.jpg\",\"contentUrl\":\"https:\\\/\\\/www.hugot.fr\\\/wp-content\\\/uploads\\\/2024\\\/10\\\/succession-artiste.jpg\"},{\"@type\":\"BreadcrumbList\",\"@id\":\"https:\\\/\\\/www.hugot.fr\\\/en\\\/artists-estate\\\/#breadcrumb\",\"itemListElement\":[{\"@type\":\"ListItem\",\"position\":1,\"name\":\"Accueil\",\"item\":\"https:\\\/\\\/www.hugot.fr\\\/en\\\/\"},{\"@type\":\"ListItem\",\"position\":2,\"name\":\"Artists estate\"}]},{\"@type\":\"WebSite\",\"@id\":\"https:\\\/\\\/www.hugot.fr\\\/en\\\/#website\",\"url\":\"https:\\\/\\\/www.hugot.fr\\\/en\\\/\",\"name\":\"HUGOT & ASSOCIES\",\"description\":\"HUGOT &amp; ASSOCI\u00c9S est un cabinet d\u2019affaires r\u00e9actif d\u00e9di\u00e9 aux soci\u00e9t\u00e9s et aux personnes des secteurs de la communication, des m\u00e9dias, de l\u2019art et des nouvelles technologies.\",\"publisher\":{\"@id\":\"https:\\\/\\\/www.hugot.fr\\\/en\\\/#organization\"},\"potentialAction\":[{\"@type\":\"SearchAction\",\"target\":{\"@type\":\"EntryPoint\",\"urlTemplate\":\"https:\\\/\\\/www.hugot.fr\\\/en\\\/?s={search_term_string}\"},\"query-input\":{\"@type\":\"PropertyValueSpecification\",\"valueRequired\":true,\"valueName\":\"search_term_string\"}}],\"inLanguage\":\"en-US\"},{\"@type\":\"Organization\",\"@id\":\"https:\\\/\\\/www.hugot.fr\\\/en\\\/#organization\",\"name\":\"HUGOT & ASSOCIES\",\"url\":\"https:\\\/\\\/www.hugot.fr\\\/en\\\/\",\"logo\":{\"@type\":\"ImageObject\",\"inLanguage\":\"en-US\",\"@id\":\"https:\\\/\\\/www.hugot.fr\\\/en\\\/#\\\/schema\\\/logo\\\/image\\\/\",\"url\":\"https:\\\/\\\/www.hugot.fr\\\/wp-content\\\/uploads\\\/2024\\\/08\\\/logo.svg\",\"contentUrl\":\"https:\\\/\\\/www.hugot.fr\\\/wp-content\\\/uploads\\\/2024\\\/08\\\/logo.svg\",\"width\":\"1024\",\"height\":\"1024\",\"caption\":\"HUGOT & ASSOCIES\"},\"image\":{\"@id\":\"https:\\\/\\\/www.hugot.fr\\\/en\\\/#\\\/schema\\\/logo\\\/image\\\/\"},\"sameAs\":[\"https:\\\/\\\/www.linkedin.com\\\/in\\\/jean-philippe-hugot-b94464\\\/\"]}]}<\/script>\n<!-- \/ Yoast SEO plugin. -->","yoast_head_json":{"title":"Artists estate - HUGOT &amp; ASSOCIES","robots":{"index":"index","follow":"follow","max-snippet":"max-snippet:-1","max-image-preview":"max-image-preview:large","max-video-preview":"max-video-preview:-1"},"canonical":"https:\/\/www.hugot.fr\/en\/artists-estate\/","og_locale":"en_US","og_type":"article","og_title":"Artists estate - HUGOT &amp; ASSOCIES","og_description":"[ Artists estate ] Our specialization in the art world has led us to handle a large number of artists&#8217; estates, which, in addition to the classic application of inheritance law, require in-depth knowledge of art and intellectual property law, and often expertise in international law, as these disputes are often of an international nature. [&hellip;]","og_url":"https:\/\/www.hugot.fr\/en\/artists-estate\/","og_site_name":"HUGOT &amp; ASSOCIES","article_modified_time":"2024-11-14T11:01:53+00:00","og_image":[{"width":1735,"height":1157,"url":"https:\/\/www.hugot.fr\/wp-content\/uploads\/2024\/10\/succession-artiste.jpg","type":"image\/jpeg"}],"twitter_card":"summary_large_image","twitter_misc":{"Est. reading time":"1 minute"},"schema":{"@context":"https:\/\/schema.org","@graph":[{"@type":"WebPage","@id":"https:\/\/www.hugot.fr\/en\/artists-estate\/","url":"https:\/\/www.hugot.fr\/en\/artists-estate\/","name":"Artists estate - HUGOT &amp; ASSOCIES","isPartOf":{"@id":"https:\/\/www.hugot.fr\/en\/#website"},"primaryImageOfPage":{"@id":"https:\/\/www.hugot.fr\/en\/artists-estate\/#primaryimage"},"image":{"@id":"https:\/\/www.hugot.fr\/en\/artists-estate\/#primaryimage"},"thumbnailUrl":"https:\/\/www.hugot.fr\/wp-content\/uploads\/2024\/10\/succession-artiste.jpg","datePublished":"2024-07-31T16:33:35+00:00","dateModified":"2024-11-14T11:01:53+00:00","breadcrumb":{"@id":"https:\/\/www.hugot.fr\/en\/artists-estate\/#breadcrumb"},"inLanguage":"en-US","potentialAction":[{"@type":"ReadAction","target":["https:\/\/www.hugot.fr\/en\/artists-estate\/"]}]},{"@type":"ImageObject","inLanguage":"en-US","@id":"https:\/\/www.hugot.fr\/en\/artists-estate\/#primaryimage","url":"https:\/\/www.hugot.fr\/wp-content\/uploads\/2024\/10\/succession-artiste.jpg","contentUrl":"https:\/\/www.hugot.fr\/wp-content\/uploads\/2024\/10\/succession-artiste.jpg"},{"@type":"BreadcrumbList","@id":"https:\/\/www.hugot.fr\/en\/artists-estate\/#breadcrumb","itemListElement":[{"@type":"ListItem","position":1,"name":"Accueil","item":"https:\/\/www.hugot.fr\/en\/"},{"@type":"ListItem","position":2,"name":"Artists estate"}]},{"@type":"WebSite","@id":"https:\/\/www.hugot.fr\/en\/#website","url":"https:\/\/www.hugot.fr\/en\/","name":"HUGOT & ASSOCIES","description":"HUGOT &amp; ASSOCI\u00c9S est un cabinet d\u2019affaires r\u00e9actif d\u00e9di\u00e9 aux soci\u00e9t\u00e9s et aux personnes des secteurs de la communication, des m\u00e9dias, de l\u2019art et des nouvelles technologies.","publisher":{"@id":"https:\/\/www.hugot.fr\/en\/#organization"},"potentialAction":[{"@type":"SearchAction","target":{"@type":"EntryPoint","urlTemplate":"https:\/\/www.hugot.fr\/en\/?s={search_term_string}"},"query-input":{"@type":"PropertyValueSpecification","valueRequired":true,"valueName":"search_term_string"}}],"inLanguage":"en-US"},{"@type":"Organization","@id":"https:\/\/www.hugot.fr\/en\/#organization","name":"HUGOT & ASSOCIES","url":"https:\/\/www.hugot.fr\/en\/","logo":{"@type":"ImageObject","inLanguage":"en-US","@id":"https:\/\/www.hugot.fr\/en\/#\/schema\/logo\/image\/","url":"https:\/\/www.hugot.fr\/wp-content\/uploads\/2024\/08\/logo.svg","contentUrl":"https:\/\/www.hugot.fr\/wp-content\/uploads\/2024\/08\/logo.svg","width":"1024","height":"1024","caption":"HUGOT & ASSOCIES"},"image":{"@id":"https:\/\/www.hugot.fr\/en\/#\/schema\/logo\/image\/"},"sameAs":["https:\/\/www.linkedin.com\/in\/jean-philippe-hugot-b94464\/"]}]}},"_links":{"self":[{"href":"https:\/\/www.hugot.fr\/en\/wp-json\/wp\/v2\/pages\/366","targetHints":{"allow":["GET"]}}],"collection":[{"href":"https:\/\/www.hugot.fr\/en\/wp-json\/wp\/v2\/pages"}],"about":[{"href":"https:\/\/www.hugot.fr\/en\/wp-json\/wp\/v2\/types\/page"}],"author":[{"embeddable":true,"href":"https:\/\/www.hugot.fr\/en\/wp-json\/wp\/v2\/users\/2"}],"replies":[{"embeddable":true,"href":"https:\/\/www.hugot.fr\/en\/wp-json\/wp\/v2\/comments?post=366"}],"version-history":[{"count":10,"href":"https:\/\/www.hugot.fr\/en\/wp-json\/wp\/v2\/pages\/366\/revisions"}],"predecessor-version":[{"id":868,"href":"https:\/\/www.hugot.fr\/en\/wp-json\/wp\/v2\/pages\/366\/revisions\/868"}],"wp:attachment":[{"href":"https:\/\/www.hugot.fr\/en\/wp-json\/wp\/v2\/media?parent=366"}],"curies":[{"name":"wp","href":"https:\/\/api.w.org\/{rel}","templated":true}]}}