{"id":282,"date":"2024-07-31T18:25:13","date_gmt":"2024-07-31T16:25:13","guid":{"rendered":"https:\/\/www.hugot.fr\/?page_id=282"},"modified":"2024-12-18T10:32:20","modified_gmt":"2024-12-18T09:32:20","slug":"our-clients-sectors-and-profiles","status":"publish","type":"page","link":"https:\/\/www.hugot.fr\/en\/our-clients-sectors-and-profiles\/","title":{"rendered":"Our client\u2019s sectors and profiles"},"content":{"rendered":"<h2>Our client\u2019s sectors and profiles<\/h2>\n<p>Technologies<br \/>\nMedia<br \/>\nFashion &amp; luxury<br \/>\nGastronomy and oenology<br \/>\nJewelry<br \/>\nMuseums<br \/>\nFoundations<br \/>\nGaleries<br \/>\nArtists and rights holders<br \/>\nEstates<br \/>\nPhotographers<br \/>\nArt<br \/>\nMusic industry<br \/>\nVideo games<br \/>\nFamily offices<\/p>\n<figure id=\"attachment_1165\" aria-describedby=\"caption-attachment-1165\" style=\"width: 3815px\" class=\"wp-caption alignnone\"><img loading=\"lazy\" decoding=\"async\" class=\"wp-image-1165 size-full\" src=\"https:\/\/www.hugot.fr\/wp-content\/uploads\/2024\/12\/1G7A2307_11zon.jpg\" alt=\"Hugot Paris\" width=\"3815\" height=\"2695\" srcset=\"https:\/\/www.hugot.fr\/wp-content\/uploads\/2024\/12\/1G7A2307_11zon.jpg 3815w, https:\/\/www.hugot.fr\/wp-content\/uploads\/2024\/12\/1G7A2307_11zon-300x212.jpg 300w, https:\/\/www.hugot.fr\/wp-content\/uploads\/2024\/12\/1G7A2307_11zon-1024x723.jpg 1024w, https:\/\/www.hugot.fr\/wp-content\/uploads\/2024\/12\/1G7A2307_11zon-768x543.jpg 768w, https:\/\/www.hugot.fr\/wp-content\/uploads\/2024\/12\/1G7A2307_11zon-1536x1085.jpg 1536w, https:\/\/www.hugot.fr\/wp-content\/uploads\/2024\/12\/1G7A2307_11zon-2048x1447.jpg 2048w\" sizes=\"auto, (max-width: 3815px) 100vw, 3815px\" \/><figcaption id=\"caption-attachment-1165\" class=\"wp-caption-text\">Hugot Paris<\/figcaption><\/figure>\n","protected":false},"excerpt":{"rendered":"<p>Our client\u2019s sectors and profiles Technologies Media Fashion &amp; luxury Gastronomy and oenology Jewelry Museums Foundations Galeries Artists and rights holders Estates Photographers Art Music industry Video games Family offices<\/p>\n","protected":false},"author":2,"featured_media":0,"parent":0,"menu_order":31,"comment_status":"closed","ping_status":"closed","template":"","meta":{"_acf_changed":false,"inline_featured_image":false,"footnotes":""},"class_list":["post-282","page","type-page","status-publish","hentry"],"acf":[],"yoast_head":"<!-- This site is optimized with the Yoast SEO plugin v27.5 - https:\/\/yoast.com\/product\/yoast-seo-wordpress\/ -->\n<title>Our client\u2019s sectors and profiles - HUGOT &amp; ASSOCIES<\/title>\n<meta name=\"robots\" content=\"index, follow, max-snippet:-1, max-image-preview:large, max-video-preview:-1\" \/>\n<link rel=\"canonical\" href=\"https:\/\/www.hugot.fr\/en\/our-clients-sectors-and-profiles\/\" \/>\n<meta property=\"og:locale\" content=\"en_US\" \/>\n<meta property=\"og:type\" content=\"article\" \/>\n<meta property=\"og:title\" content=\"Our client\u2019s sectors and profiles - HUGOT &amp; ASSOCIES\" \/>\n<meta property=\"og:description\" content=\"Our client\u2019s sectors and profiles Technologies Media Fashion &amp; luxury Gastronomy and oenology Jewelry Museums Foundations Galeries Artists and rights holders Estates Photographers Art Music industry Video games Family offices\" \/>\n<meta property=\"og:url\" content=\"https:\/\/www.hugot.fr\/en\/our-clients-sectors-and-profiles\/\" \/>\n<meta property=\"og:site_name\" content=\"HUGOT &amp; ASSOCIES\" \/>\n<meta property=\"article:modified_time\" content=\"2024-12-18T09:32:20+00:00\" \/>\n<meta property=\"og:image\" content=\"https:\/\/www.hugot.fr\/wp-content\/uploads\/2024\/12\/1G7A2307_11zon.jpg\" \/>\n\t<meta property=\"og:image:width\" content=\"3815\" \/>\n\t<meta property=\"og:image:height\" content=\"2695\" \/>\n\t<meta property=\"og:image:type\" content=\"image\/jpeg\" \/>\n<meta name=\"twitter:card\" content=\"summary_large_image\" \/>\n<meta name=\"twitter:label1\" content=\"Est. reading time\" \/>\n\t<meta name=\"twitter:data1\" content=\"1 minute\" \/>\n<script type=\"application\/ld+json\" class=\"yoast-schema-graph\">{\"@context\":\"https:\\\/\\\/schema.org\",\"@graph\":[{\"@type\":\"WebPage\",\"@id\":\"https:\\\/\\\/www.hugot.fr\\\/en\\\/our-clients-sectors-and-profiles\\\/\",\"url\":\"https:\\\/\\\/www.hugot.fr\\\/en\\\/our-clients-sectors-and-profiles\\\/\",\"name\":\"Our client\u2019s sectors and profiles - HUGOT &amp; ASSOCIES\",\"isPartOf\":{\"@id\":\"https:\\\/\\\/www.hugot.fr\\\/en\\\/#website\"},\"primaryImageOfPage\":{\"@id\":\"https:\\\/\\\/www.hugot.fr\\\/en\\\/our-clients-sectors-and-profiles\\\/#primaryimage\"},\"image\":{\"@id\":\"https:\\\/\\\/www.hugot.fr\\\/en\\\/our-clients-sectors-and-profiles\\\/#primaryimage\"},\"thumbnailUrl\":\"https:\\\/\\\/www.hugot.fr\\\/wp-content\\\/uploads\\\/2024\\\/12\\\/1G7A2307_11zon.jpg\",\"datePublished\":\"2024-07-31T16:25:13+00:00\",\"dateModified\":\"2024-12-18T09:32:20+00:00\",\"breadcrumb\":{\"@id\":\"https:\\\/\\\/www.hugot.fr\\\/en\\\/our-clients-sectors-and-profiles\\\/#breadcrumb\"},\"inLanguage\":\"en-US\",\"potentialAction\":[{\"@type\":\"ReadAction\",\"target\":[\"https:\\\/\\\/www.hugot.fr\\\/en\\\/our-clients-sectors-and-profiles\\\/\"]}]},{\"@type\":\"ImageObject\",\"inLanguage\":\"en-US\",\"@id\":\"https:\\\/\\\/www.hugot.fr\\\/en\\\/our-clients-sectors-and-profiles\\\/#primaryimage\",\"url\":\"https:\\\/\\\/www.hugot.fr\\\/wp-content\\\/uploads\\\/2024\\\/12\\\/1G7A2307_11zon.jpg\",\"contentUrl\":\"https:\\\/\\\/www.hugot.fr\\\/wp-content\\\/uploads\\\/2024\\\/12\\\/1G7A2307_11zon.jpg\"},{\"@type\":\"BreadcrumbList\",\"@id\":\"https:\\\/\\\/www.hugot.fr\\\/en\\\/our-clients-sectors-and-profiles\\\/#breadcrumb\",\"itemListElement\":[{\"@type\":\"ListItem\",\"position\":1,\"name\":\"Accueil\",\"item\":\"https:\\\/\\\/www.hugot.fr\\\/en\\\/\"},{\"@type\":\"ListItem\",\"position\":2,\"name\":\"Our client\u2019s sectors and profiles\"}]},{\"@type\":\"WebSite\",\"@id\":\"https:\\\/\\\/www.hugot.fr\\\/en\\\/#website\",\"url\":\"https:\\\/\\\/www.hugot.fr\\\/en\\\/\",\"name\":\"HUGOT & ASSOCIES\",\"description\":\"HUGOT &amp; ASSOCI\u00c9S est un cabinet d\u2019affaires r\u00e9actif d\u00e9di\u00e9 aux soci\u00e9t\u00e9s et aux personnes des secteurs de la communication, des m\u00e9dias, de l\u2019art et des nouvelles technologies.\",\"publisher\":{\"@id\":\"https:\\\/\\\/www.hugot.fr\\\/en\\\/#organization\"},\"potentialAction\":[{\"@type\":\"SearchAction\",\"target\":{\"@type\":\"EntryPoint\",\"urlTemplate\":\"https:\\\/\\\/www.hugot.fr\\\/en\\\/?s={search_term_string}\"},\"query-input\":{\"@type\":\"PropertyValueSpecification\",\"valueRequired\":true,\"valueName\":\"search_term_string\"}}],\"inLanguage\":\"en-US\"},{\"@type\":\"Organization\",\"@id\":\"https:\\\/\\\/www.hugot.fr\\\/en\\\/#organization\",\"name\":\"HUGOT & ASSOCIES\",\"url\":\"https:\\\/\\\/www.hugot.fr\\\/en\\\/\",\"logo\":{\"@type\":\"ImageObject\",\"inLanguage\":\"en-US\",\"@id\":\"https:\\\/\\\/www.hugot.fr\\\/en\\\/#\\\/schema\\\/logo\\\/image\\\/\",\"url\":\"https:\\\/\\\/www.hugot.fr\\\/wp-content\\\/uploads\\\/2024\\\/08\\\/logo.svg\",\"contentUrl\":\"https:\\\/\\\/www.hugot.fr\\\/wp-content\\\/uploads\\\/2024\\\/08\\\/logo.svg\",\"width\":\"1024\",\"height\":\"1024\",\"caption\":\"HUGOT & ASSOCIES\"},\"image\":{\"@id\":\"https:\\\/\\\/www.hugot.fr\\\/en\\\/#\\\/schema\\\/logo\\\/image\\\/\"},\"sameAs\":[\"https:\\\/\\\/www.linkedin.com\\\/in\\\/jean-philippe-hugot-b94464\\\/\"]}]}<\/script>\n<!-- \/ Yoast SEO plugin. -->","yoast_head_json":{"title":"Our client\u2019s sectors and profiles - HUGOT &amp; ASSOCIES","robots":{"index":"index","follow":"follow","max-snippet":"max-snippet:-1","max-image-preview":"max-image-preview:large","max-video-preview":"max-video-preview:-1"},"canonical":"https:\/\/www.hugot.fr\/en\/our-clients-sectors-and-profiles\/","og_locale":"en_US","og_type":"article","og_title":"Our client\u2019s sectors and profiles - HUGOT &amp; ASSOCIES","og_description":"Our client\u2019s sectors and profiles Technologies Media Fashion &amp; luxury Gastronomy and oenology Jewelry Museums Foundations Galeries Artists and rights holders Estates Photographers Art Music industry Video games Family offices","og_url":"https:\/\/www.hugot.fr\/en\/our-clients-sectors-and-profiles\/","og_site_name":"HUGOT &amp; ASSOCIES","article_modified_time":"2024-12-18T09:32:20+00:00","og_image":[{"width":3815,"height":2695,"url":"https:\/\/www.hugot.fr\/wp-content\/uploads\/2024\/12\/1G7A2307_11zon.jpg","type":"image\/jpeg"}],"twitter_card":"summary_large_image","twitter_misc":{"Est. reading time":"1 minute"},"schema":{"@context":"https:\/\/schema.org","@graph":[{"@type":"WebPage","@id":"https:\/\/www.hugot.fr\/en\/our-clients-sectors-and-profiles\/","url":"https:\/\/www.hugot.fr\/en\/our-clients-sectors-and-profiles\/","name":"Our client\u2019s sectors and profiles - HUGOT &amp; ASSOCIES","isPartOf":{"@id":"https:\/\/www.hugot.fr\/en\/#website"},"primaryImageOfPage":{"@id":"https:\/\/www.hugot.fr\/en\/our-clients-sectors-and-profiles\/#primaryimage"},"image":{"@id":"https:\/\/www.hugot.fr\/en\/our-clients-sectors-and-profiles\/#primaryimage"},"thumbnailUrl":"https:\/\/www.hugot.fr\/wp-content\/uploads\/2024\/12\/1G7A2307_11zon.jpg","datePublished":"2024-07-31T16:25:13+00:00","dateModified":"2024-12-18T09:32:20+00:00","breadcrumb":{"@id":"https:\/\/www.hugot.fr\/en\/our-clients-sectors-and-profiles\/#breadcrumb"},"inLanguage":"en-US","potentialAction":[{"@type":"ReadAction","target":["https:\/\/www.hugot.fr\/en\/our-clients-sectors-and-profiles\/"]}]},{"@type":"ImageObject","inLanguage":"en-US","@id":"https:\/\/www.hugot.fr\/en\/our-clients-sectors-and-profiles\/#primaryimage","url":"https:\/\/www.hugot.fr\/wp-content\/uploads\/2024\/12\/1G7A2307_11zon.jpg","contentUrl":"https:\/\/www.hugot.fr\/wp-content\/uploads\/2024\/12\/1G7A2307_11zon.jpg"},{"@type":"BreadcrumbList","@id":"https:\/\/www.hugot.fr\/en\/our-clients-sectors-and-profiles\/#breadcrumb","itemListElement":[{"@type":"ListItem","position":1,"name":"Accueil","item":"https:\/\/www.hugot.fr\/en\/"},{"@type":"ListItem","position":2,"name":"Our client\u2019s sectors and profiles"}]},{"@type":"WebSite","@id":"https:\/\/www.hugot.fr\/en\/#website","url":"https:\/\/www.hugot.fr\/en\/","name":"HUGOT & ASSOCIES","description":"HUGOT &amp; ASSOCI\u00c9S est un cabinet d\u2019affaires r\u00e9actif d\u00e9di\u00e9 aux soci\u00e9t\u00e9s et aux personnes des secteurs de la communication, des m\u00e9dias, de l\u2019art et des nouvelles technologies.","publisher":{"@id":"https:\/\/www.hugot.fr\/en\/#organization"},"potentialAction":[{"@type":"SearchAction","target":{"@type":"EntryPoint","urlTemplate":"https:\/\/www.hugot.fr\/en\/?s={search_term_string}"},"query-input":{"@type":"PropertyValueSpecification","valueRequired":true,"valueName":"search_term_string"}}],"inLanguage":"en-US"},{"@type":"Organization","@id":"https:\/\/www.hugot.fr\/en\/#organization","name":"HUGOT & ASSOCIES","url":"https:\/\/www.hugot.fr\/en\/","logo":{"@type":"ImageObject","inLanguage":"en-US","@id":"https:\/\/www.hugot.fr\/en\/#\/schema\/logo\/image\/","url":"https:\/\/www.hugot.fr\/wp-content\/uploads\/2024\/08\/logo.svg","contentUrl":"https:\/\/www.hugot.fr\/wp-content\/uploads\/2024\/08\/logo.svg","width":"1024","height":"1024","caption":"HUGOT & ASSOCIES"},"image":{"@id":"https:\/\/www.hugot.fr\/en\/#\/schema\/logo\/image\/"},"sameAs":["https:\/\/www.linkedin.com\/in\/jean-philippe-hugot-b94464\/"]}]}},"_links":{"self":[{"href":"https:\/\/www.hugot.fr\/en\/wp-json\/wp\/v2\/pages\/282","targetHints":{"allow":["GET"]}}],"collection":[{"href":"https:\/\/www.hugot.fr\/en\/wp-json\/wp\/v2\/pages"}],"about":[{"href":"https:\/\/www.hugot.fr\/en\/wp-json\/wp\/v2\/types\/page"}],"author":[{"embeddable":true,"href":"https:\/\/www.hugot.fr\/en\/wp-json\/wp\/v2\/users\/2"}],"replies":[{"embeddable":true,"href":"https:\/\/www.hugot.fr\/en\/wp-json\/wp\/v2\/comments?post=282"}],"version-history":[{"count":12,"href":"https:\/\/www.hugot.fr\/en\/wp-json\/wp\/v2\/pages\/282\/revisions"}],"predecessor-version":[{"id":1179,"href":"https:\/\/www.hugot.fr\/en\/wp-json\/wp\/v2\/pages\/282\/revisions\/1179"}],"wp:attachment":[{"href":"https:\/\/www.hugot.fr\/en\/wp-json\/wp\/v2\/media?parent=282"}],"curies":[{"name":"wp","href":"https:\/\/api.w.org\/{rel}","templated":true}]}}