{"id":269,"date":"2024-07-31T18:34:04","date_gmt":"2024-07-31T16:34:04","guid":{"rendered":"https:\/\/www.hugot.fr\/?page_id=269"},"modified":"2025-12-16T10:00:06","modified_gmt":"2025-12-16T09:00:06","slug":"intellectual-property","status":"publish","type":"page","link":"https:\/\/www.hugot.fr\/en\/intellectual-property\/","title":{"rendered":"INTELLECTUAL PROPERTY"},"content":{"rendered":"<h2>[ INTELLECTUAL PROPERTY ]<\/h2>\n<h2>Copyright<\/h2>\n<p>Protecting our clients\u2019 creations (literary, artistic, musical, audiovisual, architectural, etc.) for companies or individuals is one of our firm\u2019s recognized areas of expertise.<\/p>\n<p><img loading=\"lazy\" decoding=\"async\" class=\"alignnone wp-image-1015\" src=\"https:\/\/www.hugot.fr\/wp-content\/uploads\/2024\/11\/BP4A4969-683x1024.jpg\" alt=\"\" width=\"467\" height=\"700\" srcset=\"https:\/\/www.hugot.fr\/wp-content\/uploads\/2024\/11\/BP4A4969-683x1024.jpg 683w, https:\/\/www.hugot.fr\/wp-content\/uploads\/2024\/11\/BP4A4969-200x300.jpg 200w, https:\/\/www.hugot.fr\/wp-content\/uploads\/2024\/11\/BP4A4969-768x1152.jpg 768w, https:\/\/www.hugot.fr\/wp-content\/uploads\/2024\/11\/BP4A4969-1024x1536.jpg 1024w, https:\/\/www.hugot.fr\/wp-content\/uploads\/2024\/11\/BP4A4969-1365x2048.jpg 1365w, https:\/\/www.hugot.fr\/wp-content\/uploads\/2024\/11\/BP4A4969.jpg 1735w\" sizes=\"auto, (max-width: 467px) 100vw, 467px\" \/><\/p>\n<p>We operate in the art, fashion, luxury goods, music, publishing, advertising, film and creative sectors in the broadest sense.<\/p>\n<p>As advisors, our firm works to preserve and secure your rights in the context of the exploitation of your creations, in particular: commissioning or service contracts, contracts for the acquisition and assignment of rights, music or audiovisual production contracts, publishing contracts, adaptation contracts, co-production contracts.<\/p>\n<p>We obtain the cessation of infringements of your creations and your rights (counterfeiting, poor performance of contracts, infringement of the integrity of the work or respect for the name).<\/p>\n<p>In the event of litigation, our firm represents you as plaintiff or defendant, whether in infringement actions or actions relating to the performance of a contract. We define the strategy, the arguments to be developed on the merits and in the proceedings, and determine the amount of the loss suffered.<\/p>\n<p>We have expertise in unfair competition and parasitism, legal issues often linked to intellectual property law today.<\/p>\n<p>Our firm has already been involved in litigation concerning :<\/p>\n<p>\u2013 counterfeit works of art: demonstrating originality and ownership of rights over them;<\/p>\n<p>\u2013 counterfeiting of luxury products and designs for which we have won our case;<\/p>\n<p>\u2013 art law.<\/p>\n<p><img loading=\"lazy\" decoding=\"async\" class=\"alignnone wp-image-939 size-medium\" src=\"https:\/\/www.hugot.fr\/wp-content\/uploads\/2024\/10\/medias-and-entertainment-droit-de-l-edition-cabinet-d-avocats-france-2024-standard_page-0001-300x157.jpg\" alt=\"\" width=\"300\" height=\"157\" srcset=\"https:\/\/www.hugot.fr\/wp-content\/uploads\/2024\/10\/medias-and-entertainment-droit-de-l-edition-cabinet-d-avocats-france-2024-standard_page-0001-300x157.jpg 300w, https:\/\/www.hugot.fr\/wp-content\/uploads\/2024\/10\/medias-and-entertainment-droit-de-l-edition-cabinet-d-avocats-france-2024-standard_page-0001-1024x536.jpg 1024w, https:\/\/www.hugot.fr\/wp-content\/uploads\/2024\/10\/medias-and-entertainment-droit-de-l-edition-cabinet-d-avocats-france-2024-standard_page-0001-768x402.jpg 768w, https:\/\/www.hugot.fr\/wp-content\/uploads\/2024\/10\/medias-and-entertainment-droit-de-l-edition-cabinet-d-avocats-france-2024-standard_page-0001-1536x803.jpg 1536w, https:\/\/www.hugot.fr\/wp-content\/uploads\/2024\/10\/medias-and-entertainment-droit-de-l-edition-cabinet-d-avocats-france-2024-standard_page-0001.jpg 1625w\" sizes=\"auto, (max-width: 300px) 100vw, 300px\" \/><\/p>\n<p><img loading=\"lazy\" decoding=\"async\" class=\"alignnone size-medium wp-image-1202\" src=\"https:\/\/www.hugot.fr\/wp-content\/uploads\/2025\/12\/leadersleague-label-certification-2025-12-15_edition-300x157.jpg\" alt=\"\" width=\"300\" height=\"157\" srcset=\"https:\/\/www.hugot.fr\/wp-content\/uploads\/2025\/12\/leadersleague-label-certification-2025-12-15_edition-300x157.jpg 300w, https:\/\/www.hugot.fr\/wp-content\/uploads\/2025\/12\/leadersleague-label-certification-2025-12-15_edition-1024x536.jpg 1024w, https:\/\/www.hugot.fr\/wp-content\/uploads\/2025\/12\/leadersleague-label-certification-2025-12-15_edition-768x402.jpg 768w, https:\/\/www.hugot.fr\/wp-content\/uploads\/2025\/12\/leadersleague-label-certification-2025-12-15_edition.jpg 1040w\" sizes=\"auto, (max-width: 300px) 100vw, 300px\" \/><\/p>\n","protected":false},"excerpt":{"rendered":"<p>[ INTELLECTUAL PROPERTY ] Copyright Protecting our clients\u2019 creations (literary, artistic, musical, audiovisual, architectural, etc.) for companies or individuals is one of our firm\u2019s recognized areas of expertise. We operate in the art, fashion, luxury goods, music, publishing, advertising, film and creative sectors in the broadest sense. As advisors, our firm works to preserve and [&hellip;]<\/p>\n","protected":false},"author":2,"featured_media":0,"parent":0,"menu_order":9,"comment_status":"closed","ping_status":"closed","template":"","meta":{"_acf_changed":false,"inline_featured_image":false,"footnotes":""},"class_list":["post-269","page","type-page","status-publish","hentry"],"acf":[],"yoast_head":"<!-- This site is optimized with the Yoast SEO plugin v27.5 - https:\/\/yoast.com\/product\/yoast-seo-wordpress\/ -->\n<title>INTELLECTUAL PROPERTY\u00a0- HUGOT &amp; ASSOCIES<\/title>\n<meta name=\"robots\" content=\"index, follow, max-snippet:-1, max-image-preview:large, max-video-preview:-1\" \/>\n<link rel=\"canonical\" href=\"https:\/\/www.hugot.fr\/en\/intellectual-property\/\" \/>\n<meta property=\"og:locale\" content=\"en_US\" \/>\n<meta property=\"og:type\" content=\"article\" \/>\n<meta property=\"og:title\" content=\"INTELLECTUAL PROPERTY\u00a0- HUGOT &amp; ASSOCIES\" \/>\n<meta property=\"og:description\" content=\"[ INTELLECTUAL PROPERTY ] Copyright Protecting our clients\u2019 creations (literary, artistic, musical, audiovisual, architectural, etc.) for companies or individuals is one of our firm\u2019s recognized areas of expertise. We operate in the art, fashion, luxury goods, music, publishing, advertising, film and creative sectors in the broadest sense. As advisors, our firm works to preserve and [&hellip;]\" \/>\n<meta property=\"og:url\" content=\"https:\/\/www.hugot.fr\/en\/intellectual-property\/\" \/>\n<meta property=\"og:site_name\" content=\"HUGOT &amp; ASSOCIES\" \/>\n<meta property=\"article:modified_time\" content=\"2025-12-16T09:00:06+00:00\" \/>\n<meta property=\"og:image\" content=\"https:\/\/www.hugot.fr\/wp-content\/uploads\/2024\/11\/BP4A4969.jpg\" \/>\n\t<meta property=\"og:image:width\" content=\"1735\" \/>\n\t<meta property=\"og:image:height\" content=\"2603\" \/>\n\t<meta property=\"og:image:type\" content=\"image\/jpeg\" \/>\n<meta name=\"twitter:card\" content=\"summary_large_image\" \/>\n<meta name=\"twitter:label1\" content=\"Est. reading time\" \/>\n\t<meta name=\"twitter:data1\" content=\"2 minutes\" \/>\n<script type=\"application\/ld+json\" class=\"yoast-schema-graph\">{\"@context\":\"https:\\\/\\\/schema.org\",\"@graph\":[{\"@type\":\"WebPage\",\"@id\":\"https:\\\/\\\/www.hugot.fr\\\/en\\\/intellectual-property\\\/\",\"url\":\"https:\\\/\\\/www.hugot.fr\\\/en\\\/intellectual-property\\\/\",\"name\":\"INTELLECTUAL PROPERTY\u00a0- HUGOT &amp; ASSOCIES\",\"isPartOf\":{\"@id\":\"https:\\\/\\\/www.hugot.fr\\\/en\\\/#website\"},\"primaryImageOfPage\":{\"@id\":\"https:\\\/\\\/www.hugot.fr\\\/en\\\/intellectual-property\\\/#primaryimage\"},\"image\":{\"@id\":\"https:\\\/\\\/www.hugot.fr\\\/en\\\/intellectual-property\\\/#primaryimage\"},\"thumbnailUrl\":\"https:\\\/\\\/www.hugot.fr\\\/wp-content\\\/uploads\\\/2024\\\/11\\\/BP4A4969-683x1024.jpg\",\"datePublished\":\"2024-07-31T16:34:04+00:00\",\"dateModified\":\"2025-12-16T09:00:06+00:00\",\"breadcrumb\":{\"@id\":\"https:\\\/\\\/www.hugot.fr\\\/en\\\/intellectual-property\\\/#breadcrumb\"},\"inLanguage\":\"en-US\",\"potentialAction\":[{\"@type\":\"ReadAction\",\"target\":[\"https:\\\/\\\/www.hugot.fr\\\/en\\\/intellectual-property\\\/\"]}]},{\"@type\":\"ImageObject\",\"inLanguage\":\"en-US\",\"@id\":\"https:\\\/\\\/www.hugot.fr\\\/en\\\/intellectual-property\\\/#primaryimage\",\"url\":\"https:\\\/\\\/www.hugot.fr\\\/wp-content\\\/uploads\\\/2024\\\/11\\\/BP4A4969-683x1024.jpg\",\"contentUrl\":\"https:\\\/\\\/www.hugot.fr\\\/wp-content\\\/uploads\\\/2024\\\/11\\\/BP4A4969-683x1024.jpg\"},{\"@type\":\"BreadcrumbList\",\"@id\":\"https:\\\/\\\/www.hugot.fr\\\/en\\\/intellectual-property\\\/#breadcrumb\",\"itemListElement\":[{\"@type\":\"ListItem\",\"position\":1,\"name\":\"Accueil\",\"item\":\"https:\\\/\\\/www.hugot.fr\\\/en\\\/\"},{\"@type\":\"ListItem\",\"position\":2,\"name\":\"INTELLECTUAL PROPERTY\"}]},{\"@type\":\"WebSite\",\"@id\":\"https:\\\/\\\/www.hugot.fr\\\/en\\\/#website\",\"url\":\"https:\\\/\\\/www.hugot.fr\\\/en\\\/\",\"name\":\"HUGOT & ASSOCIES\",\"description\":\"HUGOT &amp; ASSOCI\u00c9S est un cabinet d\u2019affaires r\u00e9actif d\u00e9di\u00e9 aux soci\u00e9t\u00e9s et aux personnes des secteurs de la communication, des m\u00e9dias, de l\u2019art et des nouvelles technologies.\",\"publisher\":{\"@id\":\"https:\\\/\\\/www.hugot.fr\\\/en\\\/#organization\"},\"potentialAction\":[{\"@type\":\"SearchAction\",\"target\":{\"@type\":\"EntryPoint\",\"urlTemplate\":\"https:\\\/\\\/www.hugot.fr\\\/en\\\/?s={search_term_string}\"},\"query-input\":{\"@type\":\"PropertyValueSpecification\",\"valueRequired\":true,\"valueName\":\"search_term_string\"}}],\"inLanguage\":\"en-US\"},{\"@type\":\"Organization\",\"@id\":\"https:\\\/\\\/www.hugot.fr\\\/en\\\/#organization\",\"name\":\"HUGOT & ASSOCIES\",\"url\":\"https:\\\/\\\/www.hugot.fr\\\/en\\\/\",\"logo\":{\"@type\":\"ImageObject\",\"inLanguage\":\"en-US\",\"@id\":\"https:\\\/\\\/www.hugot.fr\\\/en\\\/#\\\/schema\\\/logo\\\/image\\\/\",\"url\":\"https:\\\/\\\/www.hugot.fr\\\/wp-content\\\/uploads\\\/2024\\\/08\\\/logo.svg\",\"contentUrl\":\"https:\\\/\\\/www.hugot.fr\\\/wp-content\\\/uploads\\\/2024\\\/08\\\/logo.svg\",\"width\":\"1024\",\"height\":\"1024\",\"caption\":\"HUGOT & ASSOCIES\"},\"image\":{\"@id\":\"https:\\\/\\\/www.hugot.fr\\\/en\\\/#\\\/schema\\\/logo\\\/image\\\/\"},\"sameAs\":[\"https:\\\/\\\/www.linkedin.com\\\/in\\\/jean-philippe-hugot-b94464\\\/\"]}]}<\/script>\n<!-- \/ Yoast SEO plugin. -->","yoast_head_json":{"title":"INTELLECTUAL PROPERTY\u00a0- HUGOT &amp; ASSOCIES","robots":{"index":"index","follow":"follow","max-snippet":"max-snippet:-1","max-image-preview":"max-image-preview:large","max-video-preview":"max-video-preview:-1"},"canonical":"https:\/\/www.hugot.fr\/en\/intellectual-property\/","og_locale":"en_US","og_type":"article","og_title":"INTELLECTUAL PROPERTY\u00a0- HUGOT &amp; ASSOCIES","og_description":"[ INTELLECTUAL PROPERTY ] Copyright Protecting our clients\u2019 creations (literary, artistic, musical, audiovisual, architectural, etc.) for companies or individuals is one of our firm\u2019s recognized areas of expertise. We operate in the art, fashion, luxury goods, music, publishing, advertising, film and creative sectors in the broadest sense. As advisors, our firm works to preserve and [&hellip;]","og_url":"https:\/\/www.hugot.fr\/en\/intellectual-property\/","og_site_name":"HUGOT &amp; ASSOCIES","article_modified_time":"2025-12-16T09:00:06+00:00","og_image":[{"width":1735,"height":2603,"url":"https:\/\/www.hugot.fr\/wp-content\/uploads\/2024\/11\/BP4A4969.jpg","type":"image\/jpeg"}],"twitter_card":"summary_large_image","twitter_misc":{"Est. reading time":"2 minutes"},"schema":{"@context":"https:\/\/schema.org","@graph":[{"@type":"WebPage","@id":"https:\/\/www.hugot.fr\/en\/intellectual-property\/","url":"https:\/\/www.hugot.fr\/en\/intellectual-property\/","name":"INTELLECTUAL PROPERTY\u00a0- HUGOT &amp; ASSOCIES","isPartOf":{"@id":"https:\/\/www.hugot.fr\/en\/#website"},"primaryImageOfPage":{"@id":"https:\/\/www.hugot.fr\/en\/intellectual-property\/#primaryimage"},"image":{"@id":"https:\/\/www.hugot.fr\/en\/intellectual-property\/#primaryimage"},"thumbnailUrl":"https:\/\/www.hugot.fr\/wp-content\/uploads\/2024\/11\/BP4A4969-683x1024.jpg","datePublished":"2024-07-31T16:34:04+00:00","dateModified":"2025-12-16T09:00:06+00:00","breadcrumb":{"@id":"https:\/\/www.hugot.fr\/en\/intellectual-property\/#breadcrumb"},"inLanguage":"en-US","potentialAction":[{"@type":"ReadAction","target":["https:\/\/www.hugot.fr\/en\/intellectual-property\/"]}]},{"@type":"ImageObject","inLanguage":"en-US","@id":"https:\/\/www.hugot.fr\/en\/intellectual-property\/#primaryimage","url":"https:\/\/www.hugot.fr\/wp-content\/uploads\/2024\/11\/BP4A4969-683x1024.jpg","contentUrl":"https:\/\/www.hugot.fr\/wp-content\/uploads\/2024\/11\/BP4A4969-683x1024.jpg"},{"@type":"BreadcrumbList","@id":"https:\/\/www.hugot.fr\/en\/intellectual-property\/#breadcrumb","itemListElement":[{"@type":"ListItem","position":1,"name":"Accueil","item":"https:\/\/www.hugot.fr\/en\/"},{"@type":"ListItem","position":2,"name":"INTELLECTUAL PROPERTY"}]},{"@type":"WebSite","@id":"https:\/\/www.hugot.fr\/en\/#website","url":"https:\/\/www.hugot.fr\/en\/","name":"HUGOT & ASSOCIES","description":"HUGOT &amp; ASSOCI\u00c9S est un cabinet d\u2019affaires r\u00e9actif d\u00e9di\u00e9 aux soci\u00e9t\u00e9s et aux personnes des secteurs de la communication, des m\u00e9dias, de l\u2019art et des nouvelles technologies.","publisher":{"@id":"https:\/\/www.hugot.fr\/en\/#organization"},"potentialAction":[{"@type":"SearchAction","target":{"@type":"EntryPoint","urlTemplate":"https:\/\/www.hugot.fr\/en\/?s={search_term_string}"},"query-input":{"@type":"PropertyValueSpecification","valueRequired":true,"valueName":"search_term_string"}}],"inLanguage":"en-US"},{"@type":"Organization","@id":"https:\/\/www.hugot.fr\/en\/#organization","name":"HUGOT & ASSOCIES","url":"https:\/\/www.hugot.fr\/en\/","logo":{"@type":"ImageObject","inLanguage":"en-US","@id":"https:\/\/www.hugot.fr\/en\/#\/schema\/logo\/image\/","url":"https:\/\/www.hugot.fr\/wp-content\/uploads\/2024\/08\/logo.svg","contentUrl":"https:\/\/www.hugot.fr\/wp-content\/uploads\/2024\/08\/logo.svg","width":"1024","height":"1024","caption":"HUGOT & ASSOCIES"},"image":{"@id":"https:\/\/www.hugot.fr\/en\/#\/schema\/logo\/image\/"},"sameAs":["https:\/\/www.linkedin.com\/in\/jean-philippe-hugot-b94464\/"]}]}},"_links":{"self":[{"href":"https:\/\/www.hugot.fr\/en\/wp-json\/wp\/v2\/pages\/269","targetHints":{"allow":["GET"]}}],"collection":[{"href":"https:\/\/www.hugot.fr\/en\/wp-json\/wp\/v2\/pages"}],"about":[{"href":"https:\/\/www.hugot.fr\/en\/wp-json\/wp\/v2\/types\/page"}],"author":[{"embeddable":true,"href":"https:\/\/www.hugot.fr\/en\/wp-json\/wp\/v2\/users\/2"}],"replies":[{"embeddable":true,"href":"https:\/\/www.hugot.fr\/en\/wp-json\/wp\/v2\/comments?post=269"}],"version-history":[{"count":17,"href":"https:\/\/www.hugot.fr\/en\/wp-json\/wp\/v2\/pages\/269\/revisions"}],"predecessor-version":[{"id":1204,"href":"https:\/\/www.hugot.fr\/en\/wp-json\/wp\/v2\/pages\/269\/revisions\/1204"}],"wp:attachment":[{"href":"https:\/\/www.hugot.fr\/en\/wp-json\/wp\/v2\/media?parent=269"}],"curies":[{"name":"wp","href":"https:\/\/api.w.org\/{rel}","templated":true}]}}