{"id":245,"date":"2024-07-31T18:33:23","date_gmt":"2024-07-31T16:33:23","guid":{"rendered":"https:\/\/www.hugot.fr\/?page_id=245"},"modified":"2025-12-16T09:30:05","modified_gmt":"2025-12-16T08:30:05","slug":"press-law","status":"publish","type":"page","link":"https:\/\/www.hugot.fr\/en\/press-law\/","title":{"rendered":"Press law"},"content":{"rendered":"<h2>[ press law]<\/h2>\n<p>Our firm has developed recognized expertise in litigation concerning press offenses (defamation, insult, privacy, image rights).<\/p>\n<p>In this capacity, we are accustomed to legal actions for defamation and insult, both as plaintiffs and defenders of public figures, politicians, writers, actors, but also company directors and commercial companies in numerous media cases.<\/p>\n<p><img loading=\"lazy\" decoding=\"async\" class=\"alignnone size-full wp-image-1022\" src=\"https:\/\/www.hugot.fr\/wp-content\/uploads\/2024\/11\/1G7A2388.jpg\" alt=\"\" width=\"1735\" height=\"1157\" srcset=\"https:\/\/www.hugot.fr\/wp-content\/uploads\/2024\/11\/1G7A2388.jpg 1735w, https:\/\/www.hugot.fr\/wp-content\/uploads\/2024\/11\/1G7A2388-300x200.jpg 300w, https:\/\/www.hugot.fr\/wp-content\/uploads\/2024\/11\/1G7A2388-1024x683.jpg 1024w, https:\/\/www.hugot.fr\/wp-content\/uploads\/2024\/11\/1G7A2388-768x512.jpg 768w, https:\/\/www.hugot.fr\/wp-content\/uploads\/2024\/11\/1G7A2388-1536x1024.jpg 1536w\" sizes=\"auto, (max-width: 1735px) 100vw, 1735px\" \/><\/p>\n<p>The particularity of press law lies essentially in its procedural rules, which are both derogatory and rigorous, and failure to observe them will invalidate the action taken.<\/p>\n<p>We are seasoned in this field and have the expertise to handle these rules and guarantee the validity of acts and proceedings, so that legal proceedings can be brought to a successful conclusion.<\/p>\n<h2>Defamation, a frequently prosecuted offence<\/h2>\n<p>Defined as \u201cany allegation or imputation of a fact which is prejudicial to the honor or consideration of the person or body to which the fact is imputed\u201d, the prosecution of defamation is subject to a strict derogatory regime which implies responsiveness and rigor.<\/p>\n<p>Whether you wish to assert a right of reply or take legal action, you must act within a short period of three months from the date of publication of the comments, failing which your action will be inadmissible.<\/p>\n<p>Thanks to our experience, we will be able to advise you on the appropriateness of prosecution and ensure the validity of the action taken (complaint with civil party status or direct summons).<\/p>\n<p>In the Caravaggio case, for example, we helped secure the conviction of a media group that had broadcast defamatory remarks against an art expert. In view of the seriousness of the remarks, we obtained from\u00a0the Court\u00a0a live reading of the decision on the 8 o\u2019clock news on a major national channel (a rare occurrence), in addition to the payment of compensation.<\/p>\n<p>Such defamation suits are regularly brought by the firm, and have been successful in high-profile cases.<\/p>\n<p>If, on the other hand, you are prosecuted for such acts by a third party, the Firm will endeavor to use all legal means to obtain the nullity of the proceedings and\/or your acquittal (exception of truth, good faith).<\/p>\n<h2>Insult, a less frequently prosecuted offence<\/h2>\n<p>Unlike defamation, insult does not involve the imputation of any specific fact. It refers to \u201cany outrageous expression, term of contempt or invective\u201d.<\/p>\n<p>Its regime is just as demanding, and its prosecution is also subject to a three-month limitation period.<\/p>\n<p>Thanks to its experience, the firm will be able to analyze the contentious facts that you present to us, and will guide you towards the most appropriate action to put an end to the insult and enable you to obtain compensation for your damages.<\/p>\n<p><img loading=\"lazy\" decoding=\"async\" class=\"alignnone wp-image-937 size-medium\" src=\"https:\/\/www.hugot.fr\/wp-content\/uploads\/2024\/10\/medias-and-entertainment-droit-de-la-presse-cabinet-d-avocats-france-2024-standard_page-0001-300x157.jpg\" alt=\"\" width=\"300\" height=\"157\" srcset=\"https:\/\/www.hugot.fr\/wp-content\/uploads\/2024\/10\/medias-and-entertainment-droit-de-la-presse-cabinet-d-avocats-france-2024-standard_page-0001-300x157.jpg 300w, https:\/\/www.hugot.fr\/wp-content\/uploads\/2024\/10\/medias-and-entertainment-droit-de-la-presse-cabinet-d-avocats-france-2024-standard_page-0001-1024x536.jpg 1024w, https:\/\/www.hugot.fr\/wp-content\/uploads\/2024\/10\/medias-and-entertainment-droit-de-la-presse-cabinet-d-avocats-france-2024-standard_page-0001-768x402.jpg 768w, https:\/\/www.hugot.fr\/wp-content\/uploads\/2024\/10\/medias-and-entertainment-droit-de-la-presse-cabinet-d-avocats-france-2024-standard_page-0001-1536x803.jpg 1536w, https:\/\/www.hugot.fr\/wp-content\/uploads\/2024\/10\/medias-and-entertainment-droit-de-la-presse-cabinet-d-avocats-france-2024-standard_page-0001.jpg 1625w\" sizes=\"auto, (max-width: 300px) 100vw, 300px\" \/><\/p>\n<p><img loading=\"lazy\" decoding=\"async\" class=\"alignnone size-medium wp-image-1192\" src=\"https:\/\/www.hugot.fr\/wp-content\/uploads\/2025\/12\/leadersleague-label-certification_-_2025-12-15T125113.776-300x157.jpg\" alt=\"\" width=\"300\" height=\"157\" srcset=\"https:\/\/www.hugot.fr\/wp-content\/uploads\/2025\/12\/leadersleague-label-certification_-_2025-12-15T125113.776-300x157.jpg 300w, https:\/\/www.hugot.fr\/wp-content\/uploads\/2025\/12\/leadersleague-label-certification_-_2025-12-15T125113.776-1024x536.jpg 1024w, https:\/\/www.hugot.fr\/wp-content\/uploads\/2025\/12\/leadersleague-label-certification_-_2025-12-15T125113.776-768x402.jpg 768w, https:\/\/www.hugot.fr\/wp-content\/uploads\/2025\/12\/leadersleague-label-certification_-_2025-12-15T125113.776.jpg 1040w\" sizes=\"auto, (max-width: 300px) 100vw, 300px\" \/><\/p>\n","protected":false},"excerpt":{"rendered":"<p>[ press law] Our firm has developed recognized expertise in litigation concerning press offenses (defamation, insult, privacy, image rights). In this capacity, we are accustomed to legal actions for defamation and insult, both as plaintiffs and defenders of public figures, politicians, writers, actors, but also company directors and commercial companies in numerous media cases. The [&hellip;]<\/p>\n","protected":false},"author":2,"featured_media":0,"parent":0,"menu_order":12,"comment_status":"closed","ping_status":"closed","template":"","meta":{"_acf_changed":false,"inline_featured_image":false,"footnotes":""},"class_list":["post-245","page","type-page","status-publish","hentry"],"acf":[],"yoast_head":"<!-- This site is optimized with the Yoast SEO plugin v27.2 - https:\/\/yoast.com\/product\/yoast-seo-wordpress\/ -->\n<title>PRESS LAWYER - HUGOT &amp; ASSOCIES<\/title>\n<meta name=\"robots\" content=\"index, follow, max-snippet:-1, max-image-preview:large, max-video-preview:-1\" \/>\n<link rel=\"canonical\" href=\"https:\/\/www.hugot.fr\/en\/press-law\/\" \/>\n<meta property=\"og:locale\" content=\"en_US\" \/>\n<meta property=\"og:type\" content=\"article\" \/>\n<meta property=\"og:title\" content=\"PRESS LAWYER - HUGOT &amp; ASSOCIES\" \/>\n<meta property=\"og:description\" content=\"[ press law] Our firm has developed recognized expertise in litigation concerning press offenses (defamation, insult, privacy, image rights). In this capacity, we are accustomed to legal actions for defamation and insult, both as plaintiffs and defenders of public figures, politicians, writers, actors, but also company directors and commercial companies in numerous media cases. The [&hellip;]\" \/>\n<meta property=\"og:url\" content=\"https:\/\/www.hugot.fr\/en\/press-law\/\" \/>\n<meta property=\"og:site_name\" content=\"HUGOT &amp; ASSOCIES\" \/>\n<meta property=\"article:modified_time\" content=\"2025-12-16T08:30:05+00:00\" \/>\n<meta property=\"og:image\" content=\"https:\/\/www.hugot.fr\/wp-content\/uploads\/2024\/11\/1G7A2388.jpg\" \/>\n\t<meta property=\"og:image:width\" content=\"1735\" \/>\n\t<meta property=\"og:image:height\" content=\"1157\" \/>\n\t<meta property=\"og:image:type\" content=\"image\/jpeg\" \/>\n<meta name=\"twitter:card\" content=\"summary_large_image\" \/>\n<meta name=\"twitter:label1\" content=\"Est. reading time\" \/>\n\t<meta name=\"twitter:data1\" content=\"3 minutes\" \/>\n<script type=\"application\/ld+json\" class=\"yoast-schema-graph\">{\"@context\":\"https:\/\/schema.org\",\"@graph\":[{\"@type\":\"WebPage\",\"@id\":\"https:\/\/www.hugot.fr\/en\/press-law\/\",\"url\":\"https:\/\/www.hugot.fr\/en\/press-law\/\",\"name\":\"PRESS LAWYER - HUGOT &amp; ASSOCIES\",\"isPartOf\":{\"@id\":\"https:\/\/www.hugot.fr\/en\/#website\"},\"primaryImageOfPage\":{\"@id\":\"https:\/\/www.hugot.fr\/en\/press-law\/#primaryimage\"},\"image\":{\"@id\":\"https:\/\/www.hugot.fr\/en\/press-law\/#primaryimage\"},\"thumbnailUrl\":\"https:\/\/www.hugot.fr\/wp-content\/uploads\/2024\/11\/1G7A2388.jpg\",\"datePublished\":\"2024-07-31T16:33:23+00:00\",\"dateModified\":\"2025-12-16T08:30:05+00:00\",\"breadcrumb\":{\"@id\":\"https:\/\/www.hugot.fr\/en\/press-law\/#breadcrumb\"},\"inLanguage\":\"en-US\",\"potentialAction\":[{\"@type\":\"ReadAction\",\"target\":[\"https:\/\/www.hugot.fr\/en\/press-law\/\"]}]},{\"@type\":\"ImageObject\",\"inLanguage\":\"en-US\",\"@id\":\"https:\/\/www.hugot.fr\/en\/press-law\/#primaryimage\",\"url\":\"https:\/\/www.hugot.fr\/wp-content\/uploads\/2024\/11\/1G7A2388.jpg\",\"contentUrl\":\"https:\/\/www.hugot.fr\/wp-content\/uploads\/2024\/11\/1G7A2388.jpg\"},{\"@type\":\"BreadcrumbList\",\"@id\":\"https:\/\/www.hugot.fr\/en\/press-law\/#breadcrumb\",\"itemListElement\":[{\"@type\":\"ListItem\",\"position\":1,\"name\":\"Accueil\",\"item\":\"https:\/\/www.hugot.fr\/en\/\"},{\"@type\":\"ListItem\",\"position\":2,\"name\":\"Press law\"}]},{\"@type\":\"WebSite\",\"@id\":\"https:\/\/www.hugot.fr\/en\/#website\",\"url\":\"https:\/\/www.hugot.fr\/en\/\",\"name\":\"HUGOT & ASSOCIES\",\"description\":\"HUGOT &amp; ASSOCI\u00c9S est un cabinet d\u2019affaires r\u00e9actif d\u00e9di\u00e9 aux soci\u00e9t\u00e9s et aux personnes des secteurs de la communication, des m\u00e9dias, de l\u2019art et des nouvelles technologies.\",\"publisher\":{\"@id\":\"https:\/\/www.hugot.fr\/en\/#organization\"},\"potentialAction\":[{\"@type\":\"SearchAction\",\"target\":{\"@type\":\"EntryPoint\",\"urlTemplate\":\"https:\/\/www.hugot.fr\/en\/?s={search_term_string}\"},\"query-input\":{\"@type\":\"PropertyValueSpecification\",\"valueRequired\":true,\"valueName\":\"search_term_string\"}}],\"inLanguage\":\"en-US\"},{\"@type\":\"Organization\",\"@id\":\"https:\/\/www.hugot.fr\/en\/#organization\",\"name\":\"HUGOT & ASSOCIES\",\"url\":\"https:\/\/www.hugot.fr\/en\/\",\"logo\":{\"@type\":\"ImageObject\",\"inLanguage\":\"en-US\",\"@id\":\"https:\/\/www.hugot.fr\/en\/#\/schema\/logo\/image\/\",\"url\":\"https:\/\/www.hugot.fr\/wp-content\/uploads\/2024\/08\/logo.svg\",\"contentUrl\":\"https:\/\/www.hugot.fr\/wp-content\/uploads\/2024\/08\/logo.svg\",\"width\":\"1024\",\"height\":\"1024\",\"caption\":\"HUGOT & ASSOCIES\"},\"image\":{\"@id\":\"https:\/\/www.hugot.fr\/en\/#\/schema\/logo\/image\/\"},\"sameAs\":[\"https:\/\/www.linkedin.com\/in\/jean-philippe-hugot-b94464\/\"]}]}<\/script>\n<!-- \/ Yoast SEO plugin. -->","yoast_head_json":{"title":"PRESS LAWYER - HUGOT &amp; ASSOCIES","robots":{"index":"index","follow":"follow","max-snippet":"max-snippet:-1","max-image-preview":"max-image-preview:large","max-video-preview":"max-video-preview:-1"},"canonical":"https:\/\/www.hugot.fr\/en\/press-law\/","og_locale":"en_US","og_type":"article","og_title":"PRESS LAWYER - HUGOT &amp; ASSOCIES","og_description":"[ press law] Our firm has developed recognized expertise in litigation concerning press offenses (defamation, insult, privacy, image rights). In this capacity, we are accustomed to legal actions for defamation and insult, both as plaintiffs and defenders of public figures, politicians, writers, actors, but also company directors and commercial companies in numerous media cases. The [&hellip;]","og_url":"https:\/\/www.hugot.fr\/en\/press-law\/","og_site_name":"HUGOT &amp; ASSOCIES","article_modified_time":"2025-12-16T08:30:05+00:00","og_image":[{"width":1735,"height":1157,"url":"https:\/\/www.hugot.fr\/wp-content\/uploads\/2024\/11\/1G7A2388.jpg","type":"image\/jpeg"}],"twitter_card":"summary_large_image","twitter_misc":{"Est. reading time":"3 minutes"},"schema":{"@context":"https:\/\/schema.org","@graph":[{"@type":"WebPage","@id":"https:\/\/www.hugot.fr\/en\/press-law\/","url":"https:\/\/www.hugot.fr\/en\/press-law\/","name":"PRESS LAWYER - HUGOT &amp; ASSOCIES","isPartOf":{"@id":"https:\/\/www.hugot.fr\/en\/#website"},"primaryImageOfPage":{"@id":"https:\/\/www.hugot.fr\/en\/press-law\/#primaryimage"},"image":{"@id":"https:\/\/www.hugot.fr\/en\/press-law\/#primaryimage"},"thumbnailUrl":"https:\/\/www.hugot.fr\/wp-content\/uploads\/2024\/11\/1G7A2388.jpg","datePublished":"2024-07-31T16:33:23+00:00","dateModified":"2025-12-16T08:30:05+00:00","breadcrumb":{"@id":"https:\/\/www.hugot.fr\/en\/press-law\/#breadcrumb"},"inLanguage":"en-US","potentialAction":[{"@type":"ReadAction","target":["https:\/\/www.hugot.fr\/en\/press-law\/"]}]},{"@type":"ImageObject","inLanguage":"en-US","@id":"https:\/\/www.hugot.fr\/en\/press-law\/#primaryimage","url":"https:\/\/www.hugot.fr\/wp-content\/uploads\/2024\/11\/1G7A2388.jpg","contentUrl":"https:\/\/www.hugot.fr\/wp-content\/uploads\/2024\/11\/1G7A2388.jpg"},{"@type":"BreadcrumbList","@id":"https:\/\/www.hugot.fr\/en\/press-law\/#breadcrumb","itemListElement":[{"@type":"ListItem","position":1,"name":"Accueil","item":"https:\/\/www.hugot.fr\/en\/"},{"@type":"ListItem","position":2,"name":"Press law"}]},{"@type":"WebSite","@id":"https:\/\/www.hugot.fr\/en\/#website","url":"https:\/\/www.hugot.fr\/en\/","name":"HUGOT & ASSOCIES","description":"HUGOT &amp; ASSOCI\u00c9S est un cabinet d\u2019affaires r\u00e9actif d\u00e9di\u00e9 aux soci\u00e9t\u00e9s et aux personnes des secteurs de la communication, des m\u00e9dias, de l\u2019art et des nouvelles technologies.","publisher":{"@id":"https:\/\/www.hugot.fr\/en\/#organization"},"potentialAction":[{"@type":"SearchAction","target":{"@type":"EntryPoint","urlTemplate":"https:\/\/www.hugot.fr\/en\/?s={search_term_string}"},"query-input":{"@type":"PropertyValueSpecification","valueRequired":true,"valueName":"search_term_string"}}],"inLanguage":"en-US"},{"@type":"Organization","@id":"https:\/\/www.hugot.fr\/en\/#organization","name":"HUGOT & ASSOCIES","url":"https:\/\/www.hugot.fr\/en\/","logo":{"@type":"ImageObject","inLanguage":"en-US","@id":"https:\/\/www.hugot.fr\/en\/#\/schema\/logo\/image\/","url":"https:\/\/www.hugot.fr\/wp-content\/uploads\/2024\/08\/logo.svg","contentUrl":"https:\/\/www.hugot.fr\/wp-content\/uploads\/2024\/08\/logo.svg","width":"1024","height":"1024","caption":"HUGOT & ASSOCIES"},"image":{"@id":"https:\/\/www.hugot.fr\/en\/#\/schema\/logo\/image\/"},"sameAs":["https:\/\/www.linkedin.com\/in\/jean-philippe-hugot-b94464\/"]}]}},"_links":{"self":[{"href":"https:\/\/www.hugot.fr\/en\/wp-json\/wp\/v2\/pages\/245","targetHints":{"allow":["GET"]}}],"collection":[{"href":"https:\/\/www.hugot.fr\/en\/wp-json\/wp\/v2\/pages"}],"about":[{"href":"https:\/\/www.hugot.fr\/en\/wp-json\/wp\/v2\/types\/page"}],"author":[{"embeddable":true,"href":"https:\/\/www.hugot.fr\/en\/wp-json\/wp\/v2\/users\/2"}],"replies":[{"embeddable":true,"href":"https:\/\/www.hugot.fr\/en\/wp-json\/wp\/v2\/comments?post=245"}],"version-history":[{"count":17,"href":"https:\/\/www.hugot.fr\/en\/wp-json\/wp\/v2\/pages\/245\/revisions"}],"predecessor-version":[{"id":1195,"href":"https:\/\/www.hugot.fr\/en\/wp-json\/wp\/v2\/pages\/245\/revisions\/1195"}],"wp:attachment":[{"href":"https:\/\/www.hugot.fr\/en\/wp-json\/wp\/v2\/media?parent=245"}],"curies":[{"name":"wp","href":"https:\/\/api.w.org\/{rel}","templated":true}]}}