{"id":242,"date":"2024-07-31T18:34:50","date_gmt":"2024-07-31T16:34:50","guid":{"rendered":"https:\/\/www.hugot.fr\/?page_id=242"},"modified":"2024-11-12T17:04:28","modified_gmt":"2024-11-12T16:04:28","slug":"commercial-litigation","status":"publish","type":"page","link":"https:\/\/www.hugot.fr\/en\/commercial-litigation\/","title":{"rendered":"Commercial litigation"},"content":{"rendered":"<h2>[ COMMERCIAL LITIGATION LAW ]<\/h2>\n<p>Backed by their legal experience and expertise in commercial law, our firm can advise and represent you in any disputes you may encounter with your customers, suppliers or partners.<\/p>\n<p><img loading=\"lazy\" decoding=\"async\" class=\"alignnone size-full wp-image-1126\" src=\"https:\/\/www.hugot.fr\/wp-content\/uploads\/2024\/11\/BP4A4889_11zon.jpg\" alt=\"\" width=\"5246\" height=\"3497\" srcset=\"https:\/\/www.hugot.fr\/wp-content\/uploads\/2024\/11\/BP4A4889_11zon.jpg 5246w, https:\/\/www.hugot.fr\/wp-content\/uploads\/2024\/11\/BP4A4889_11zon-300x200.jpg 300w, https:\/\/www.hugot.fr\/wp-content\/uploads\/2024\/11\/BP4A4889_11zon-768x512.jpg 768w, https:\/\/www.hugot.fr\/wp-content\/uploads\/2024\/11\/BP4A4889_11zon-2048x1365.jpg 2048w\" sizes=\"auto, (max-width: 5246px) 100vw, 5246px\" \/><\/p>\n<p>In fact, we are highly experienced in both contractual and tort litigation relating to customer misappropriation, unfair competition, parasitism, disparagement and breach of non-competition clauses.<\/p>\n<p>We are also involved in litigation and court proceedings relating to conflicts between partners, in which we have developed extensive experience, or to the liability (both civil and criminal) of directors (misuse of corporate assets, mismanagement, default, fraud, breach of trust).<\/p>\n<p>We also intervene before the judicial and commercial courts in proceedings for unfair breach of contract, failure to give prior notice, and brutal breach of established commercial relations.<\/p>\n","protected":false},"excerpt":{"rendered":"<p>[ COMMERCIAL LITIGATION LAW ] Backed by their legal experience and expertise in commercial law, our firm can advise and represent you in any disputes you may encounter with your customers, suppliers or partners. In fact, we are highly experienced in both contractual and tort litigation relating to customer misappropriation, unfair competition, parasitism, disparagement and [&hellip;]<\/p>\n","protected":false},"author":2,"featured_media":0,"parent":0,"menu_order":27,"comment_status":"closed","ping_status":"closed","template":"","meta":{"_acf_changed":false,"inline_featured_image":false,"footnotes":""},"class_list":["post-242","page","type-page","status-publish","hentry"],"acf":[],"yoast_head":"<!-- This site is optimized with the Yoast SEO plugin v27.2 - https:\/\/yoast.com\/product\/yoast-seo-wordpress\/ -->\n<title>Commercial litigation - HUGOT &amp; ASSOCIES<\/title>\n<meta name=\"robots\" content=\"index, follow, max-snippet:-1, max-image-preview:large, max-video-preview:-1\" \/>\n<link rel=\"canonical\" href=\"https:\/\/www.hugot.fr\/en\/commercial-litigation\/\" \/>\n<meta property=\"og:locale\" content=\"en_US\" \/>\n<meta property=\"og:type\" content=\"article\" \/>\n<meta property=\"og:title\" content=\"Commercial litigation - HUGOT &amp; ASSOCIES\" \/>\n<meta property=\"og:description\" content=\"[ COMMERCIAL LITIGATION LAW ] Backed by their legal experience and expertise in commercial law, our firm can advise and represent you in any disputes you may encounter with your customers, suppliers or partners. In fact, we are highly experienced in both contractual and tort litigation relating to customer misappropriation, unfair competition, parasitism, disparagement and [&hellip;]\" \/>\n<meta property=\"og:url\" content=\"https:\/\/www.hugot.fr\/en\/commercial-litigation\/\" \/>\n<meta property=\"og:site_name\" content=\"HUGOT &amp; ASSOCIES\" \/>\n<meta property=\"article:modified_time\" content=\"2024-11-12T16:04:28+00:00\" \/>\n<meta property=\"og:image\" content=\"https:\/\/www.hugot.fr\/wp-content\/uploads\/2024\/11\/BP4A4889_11zon.jpg\" \/>\n\t<meta property=\"og:image:width\" content=\"5246\" \/>\n\t<meta property=\"og:image:height\" content=\"3497\" \/>\n\t<meta property=\"og:image:type\" content=\"image\/jpeg\" \/>\n<meta name=\"twitter:card\" content=\"summary_large_image\" \/>\n<meta name=\"twitter:label1\" content=\"Est. reading time\" \/>\n\t<meta name=\"twitter:data1\" content=\"1 minute\" \/>\n<script type=\"application\/ld+json\" class=\"yoast-schema-graph\">{\"@context\":\"https:\/\/schema.org\",\"@graph\":[{\"@type\":\"WebPage\",\"@id\":\"https:\/\/www.hugot.fr\/en\/commercial-litigation\/\",\"url\":\"https:\/\/www.hugot.fr\/en\/commercial-litigation\/\",\"name\":\"Commercial litigation - HUGOT &amp; ASSOCIES\",\"isPartOf\":{\"@id\":\"https:\/\/www.hugot.fr\/en\/#website\"},\"primaryImageOfPage\":{\"@id\":\"https:\/\/www.hugot.fr\/en\/commercial-litigation\/#primaryimage\"},\"image\":{\"@id\":\"https:\/\/www.hugot.fr\/en\/commercial-litigation\/#primaryimage\"},\"thumbnailUrl\":\"https:\/\/www.hugot.fr\/wp-content\/uploads\/2024\/11\/BP4A4889_11zon.jpg\",\"datePublished\":\"2024-07-31T16:34:50+00:00\",\"dateModified\":\"2024-11-12T16:04:28+00:00\",\"breadcrumb\":{\"@id\":\"https:\/\/www.hugot.fr\/en\/commercial-litigation\/#breadcrumb\"},\"inLanguage\":\"en-US\",\"potentialAction\":[{\"@type\":\"ReadAction\",\"target\":[\"https:\/\/www.hugot.fr\/en\/commercial-litigation\/\"]}]},{\"@type\":\"ImageObject\",\"inLanguage\":\"en-US\",\"@id\":\"https:\/\/www.hugot.fr\/en\/commercial-litigation\/#primaryimage\",\"url\":\"https:\/\/www.hugot.fr\/wp-content\/uploads\/2024\/11\/BP4A4889_11zon.jpg\",\"contentUrl\":\"https:\/\/www.hugot.fr\/wp-content\/uploads\/2024\/11\/BP4A4889_11zon.jpg\"},{\"@type\":\"BreadcrumbList\",\"@id\":\"https:\/\/www.hugot.fr\/en\/commercial-litigation\/#breadcrumb\",\"itemListElement\":[{\"@type\":\"ListItem\",\"position\":1,\"name\":\"Accueil\",\"item\":\"https:\/\/www.hugot.fr\/en\/\"},{\"@type\":\"ListItem\",\"position\":2,\"name\":\"Commercial litigation\"}]},{\"@type\":\"WebSite\",\"@id\":\"https:\/\/www.hugot.fr\/en\/#website\",\"url\":\"https:\/\/www.hugot.fr\/en\/\",\"name\":\"HUGOT & ASSOCIES\",\"description\":\"HUGOT &amp; ASSOCI\u00c9S est un cabinet d\u2019affaires r\u00e9actif d\u00e9di\u00e9 aux soci\u00e9t\u00e9s et aux personnes des secteurs de la communication, des m\u00e9dias, de l\u2019art et des nouvelles technologies.\",\"publisher\":{\"@id\":\"https:\/\/www.hugot.fr\/en\/#organization\"},\"potentialAction\":[{\"@type\":\"SearchAction\",\"target\":{\"@type\":\"EntryPoint\",\"urlTemplate\":\"https:\/\/www.hugot.fr\/en\/?s={search_term_string}\"},\"query-input\":{\"@type\":\"PropertyValueSpecification\",\"valueRequired\":true,\"valueName\":\"search_term_string\"}}],\"inLanguage\":\"en-US\"},{\"@type\":\"Organization\",\"@id\":\"https:\/\/www.hugot.fr\/en\/#organization\",\"name\":\"HUGOT & ASSOCIES\",\"url\":\"https:\/\/www.hugot.fr\/en\/\",\"logo\":{\"@type\":\"ImageObject\",\"inLanguage\":\"en-US\",\"@id\":\"https:\/\/www.hugot.fr\/en\/#\/schema\/logo\/image\/\",\"url\":\"https:\/\/www.hugot.fr\/wp-content\/uploads\/2024\/08\/logo.svg\",\"contentUrl\":\"https:\/\/www.hugot.fr\/wp-content\/uploads\/2024\/08\/logo.svg\",\"width\":\"1024\",\"height\":\"1024\",\"caption\":\"HUGOT & ASSOCIES\"},\"image\":{\"@id\":\"https:\/\/www.hugot.fr\/en\/#\/schema\/logo\/image\/\"},\"sameAs\":[\"https:\/\/www.linkedin.com\/in\/jean-philippe-hugot-b94464\/\"]}]}<\/script>\n<!-- \/ Yoast SEO plugin. -->","yoast_head_json":{"title":"Commercial litigation - HUGOT &amp; ASSOCIES","robots":{"index":"index","follow":"follow","max-snippet":"max-snippet:-1","max-image-preview":"max-image-preview:large","max-video-preview":"max-video-preview:-1"},"canonical":"https:\/\/www.hugot.fr\/en\/commercial-litigation\/","og_locale":"en_US","og_type":"article","og_title":"Commercial litigation - HUGOT &amp; ASSOCIES","og_description":"[ COMMERCIAL LITIGATION LAW ] Backed by their legal experience and expertise in commercial law, our firm can advise and represent you in any disputes you may encounter with your customers, suppliers or partners. In fact, we are highly experienced in both contractual and tort litigation relating to customer misappropriation, unfair competition, parasitism, disparagement and [&hellip;]","og_url":"https:\/\/www.hugot.fr\/en\/commercial-litigation\/","og_site_name":"HUGOT &amp; ASSOCIES","article_modified_time":"2024-11-12T16:04:28+00:00","og_image":[{"width":5246,"height":3497,"url":"https:\/\/www.hugot.fr\/wp-content\/uploads\/2024\/11\/BP4A4889_11zon.jpg","type":"image\/jpeg"}],"twitter_card":"summary_large_image","twitter_misc":{"Est. reading time":"1 minute"},"schema":{"@context":"https:\/\/schema.org","@graph":[{"@type":"WebPage","@id":"https:\/\/www.hugot.fr\/en\/commercial-litigation\/","url":"https:\/\/www.hugot.fr\/en\/commercial-litigation\/","name":"Commercial litigation - HUGOT &amp; ASSOCIES","isPartOf":{"@id":"https:\/\/www.hugot.fr\/en\/#website"},"primaryImageOfPage":{"@id":"https:\/\/www.hugot.fr\/en\/commercial-litigation\/#primaryimage"},"image":{"@id":"https:\/\/www.hugot.fr\/en\/commercial-litigation\/#primaryimage"},"thumbnailUrl":"https:\/\/www.hugot.fr\/wp-content\/uploads\/2024\/11\/BP4A4889_11zon.jpg","datePublished":"2024-07-31T16:34:50+00:00","dateModified":"2024-11-12T16:04:28+00:00","breadcrumb":{"@id":"https:\/\/www.hugot.fr\/en\/commercial-litigation\/#breadcrumb"},"inLanguage":"en-US","potentialAction":[{"@type":"ReadAction","target":["https:\/\/www.hugot.fr\/en\/commercial-litigation\/"]}]},{"@type":"ImageObject","inLanguage":"en-US","@id":"https:\/\/www.hugot.fr\/en\/commercial-litigation\/#primaryimage","url":"https:\/\/www.hugot.fr\/wp-content\/uploads\/2024\/11\/BP4A4889_11zon.jpg","contentUrl":"https:\/\/www.hugot.fr\/wp-content\/uploads\/2024\/11\/BP4A4889_11zon.jpg"},{"@type":"BreadcrumbList","@id":"https:\/\/www.hugot.fr\/en\/commercial-litigation\/#breadcrumb","itemListElement":[{"@type":"ListItem","position":1,"name":"Accueil","item":"https:\/\/www.hugot.fr\/en\/"},{"@type":"ListItem","position":2,"name":"Commercial litigation"}]},{"@type":"WebSite","@id":"https:\/\/www.hugot.fr\/en\/#website","url":"https:\/\/www.hugot.fr\/en\/","name":"HUGOT & ASSOCIES","description":"HUGOT &amp; ASSOCI\u00c9S est un cabinet d\u2019affaires r\u00e9actif d\u00e9di\u00e9 aux soci\u00e9t\u00e9s et aux personnes des secteurs de la communication, des m\u00e9dias, de l\u2019art et des nouvelles technologies.","publisher":{"@id":"https:\/\/www.hugot.fr\/en\/#organization"},"potentialAction":[{"@type":"SearchAction","target":{"@type":"EntryPoint","urlTemplate":"https:\/\/www.hugot.fr\/en\/?s={search_term_string}"},"query-input":{"@type":"PropertyValueSpecification","valueRequired":true,"valueName":"search_term_string"}}],"inLanguage":"en-US"},{"@type":"Organization","@id":"https:\/\/www.hugot.fr\/en\/#organization","name":"HUGOT & ASSOCIES","url":"https:\/\/www.hugot.fr\/en\/","logo":{"@type":"ImageObject","inLanguage":"en-US","@id":"https:\/\/www.hugot.fr\/en\/#\/schema\/logo\/image\/","url":"https:\/\/www.hugot.fr\/wp-content\/uploads\/2024\/08\/logo.svg","contentUrl":"https:\/\/www.hugot.fr\/wp-content\/uploads\/2024\/08\/logo.svg","width":"1024","height":"1024","caption":"HUGOT & ASSOCIES"},"image":{"@id":"https:\/\/www.hugot.fr\/en\/#\/schema\/logo\/image\/"},"sameAs":["https:\/\/www.linkedin.com\/in\/jean-philippe-hugot-b94464\/"]}]}},"_links":{"self":[{"href":"https:\/\/www.hugot.fr\/en\/wp-json\/wp\/v2\/pages\/242","targetHints":{"allow":["GET"]}}],"collection":[{"href":"https:\/\/www.hugot.fr\/en\/wp-json\/wp\/v2\/pages"}],"about":[{"href":"https:\/\/www.hugot.fr\/en\/wp-json\/wp\/v2\/types\/page"}],"author":[{"embeddable":true,"href":"https:\/\/www.hugot.fr\/en\/wp-json\/wp\/v2\/users\/2"}],"replies":[{"embeddable":true,"href":"https:\/\/www.hugot.fr\/en\/wp-json\/wp\/v2\/comments?post=242"}],"version-history":[{"count":7,"href":"https:\/\/www.hugot.fr\/en\/wp-json\/wp\/v2\/pages\/242\/revisions"}],"predecessor-version":[{"id":1129,"href":"https:\/\/www.hugot.fr\/en\/wp-json\/wp\/v2\/pages\/242\/revisions\/1129"}],"wp:attachment":[{"href":"https:\/\/www.hugot.fr\/en\/wp-json\/wp\/v2\/media?parent=242"}],"curies":[{"name":"wp","href":"https:\/\/api.w.org\/{rel}","templated":true}]}}