{"id":239,"date":"2024-07-31T18:34:31","date_gmt":"2024-07-31T16:34:31","guid":{"rendered":"https:\/\/www.hugot.fr\/?page_id=239"},"modified":"2024-11-12T17:33:25","modified_gmt":"2024-11-12T16:33:25","slug":"complex-litigation","status":"publish","type":"page","link":"https:\/\/www.hugot.fr\/en\/complex-litigation\/","title":{"rendered":"Complex litigation"},"content":{"rendered":"<h2>[ COMPLEX LITIGATION LAW]<\/h2>\n<p>We have acquired an unrivalled experience in the field of complex litigation.<\/p>\n<p>What we do ? For over 20 years, we have been handling difficult and complex cases with many international implications, involving different types of law, such as civil and criminal, before various jurisdictions in France and abroad.<\/p>\n<p><img loading=\"lazy\" decoding=\"async\" class=\"alignnone wp-image-811\" src=\"https:\/\/www.hugot.fr\/wp-content\/uploads\/2024\/10\/droit-jeux-video-778x1024.jpg\" alt=\"\" width=\"532\" height=\"700\" srcset=\"https:\/\/www.hugot.fr\/wp-content\/uploads\/2024\/10\/droit-jeux-video-778x1024.jpg 778w, https:\/\/www.hugot.fr\/wp-content\/uploads\/2024\/10\/droit-jeux-video-228x300.jpg 228w, https:\/\/www.hugot.fr\/wp-content\/uploads\/2024\/10\/droit-jeux-video-768x1011.jpg 768w, https:\/\/www.hugot.fr\/wp-content\/uploads\/2024\/10\/droit-jeux-video-1166x1536.jpg 1166w, https:\/\/www.hugot.fr\/wp-content\/uploads\/2024\/10\/droit-jeux-video-1555x2048.jpg 1555w, https:\/\/www.hugot.fr\/wp-content\/uploads\/2024\/10\/droit-jeux-video.jpg 1735w\" sizes=\"auto, (max-width: 532px) 100vw, 532px\" \/><\/p>\n<p>We are able to handle cases of this nature because we have acquired a unique experience in litigation involving multiple items, such as: different laws, laws of different countries, criminal laws and civil laws.<\/p>\n<p>We put this rare experience to work for our clients, whether in business law, inheritance law, intellectual property law (particularly for counterfeiting and forgeries), or business criminal law.<\/p>\n<p>We have handled a large number of cases with international aspects, due to the nature of our clientele and the litigation entrusted to us.<\/p>\n<p>Once again, we are in a position to deal with them effectively.<\/p>\n<p>One of our firm\u2019s key areas of expertise is inheritance law disputes, particularly when proven difficult and contentious, whether in France or abroad.<\/p>\n<p>For more than 20 years, our lawyers have been working in this highly technical field with international legal implications.<\/p>\n","protected":false},"excerpt":{"rendered":"<p>[ COMPLEX LITIGATION LAW] We have acquired an unrivalled experience in the field of complex litigation. What we do ? For over 20 years, we have been handling difficult and complex cases with many international implications, involving different types of law, such as civil and criminal, before various jurisdictions in France and abroad. We are [&hellip;]<\/p>\n","protected":false},"author":2,"featured_media":0,"parent":0,"menu_order":26,"comment_status":"closed","ping_status":"closed","template":"","meta":{"_acf_changed":false,"inline_featured_image":false,"footnotes":""},"class_list":["post-239","page","type-page","status-publish","hentry"],"acf":[],"yoast_head":"<!-- This site is optimized with the Yoast SEO plugin v27.2 - https:\/\/yoast.com\/product\/yoast-seo-wordpress\/ -->\n<title>COMPLEX LITIGATION LAWYER - HUGOT &amp; ASSOCIES<\/title>\n<meta name=\"robots\" content=\"index, follow, max-snippet:-1, max-image-preview:large, max-video-preview:-1\" \/>\n<link rel=\"canonical\" href=\"https:\/\/www.hugot.fr\/en\/complex-litigation\/\" \/>\n<meta property=\"og:locale\" content=\"en_US\" \/>\n<meta property=\"og:type\" content=\"article\" \/>\n<meta property=\"og:title\" content=\"COMPLEX LITIGATION LAWYER - HUGOT &amp; ASSOCIES\" \/>\n<meta property=\"og:description\" content=\"[ COMPLEX LITIGATION LAW] We have acquired an unrivalled experience in the field of complex litigation. What we do ? For over 20 years, we have been handling difficult and complex cases with many international implications, involving different types of law, such as civil and criminal, before various jurisdictions in France and abroad. We are [&hellip;]\" \/>\n<meta property=\"og:url\" content=\"https:\/\/www.hugot.fr\/en\/complex-litigation\/\" \/>\n<meta property=\"og:site_name\" content=\"HUGOT &amp; ASSOCIES\" \/>\n<meta property=\"article:modified_time\" content=\"2024-11-12T16:33:25+00:00\" \/>\n<meta property=\"og:image\" content=\"https:\/\/www.hugot.fr\/wp-content\/uploads\/2024\/10\/droit-jeux-video.jpg\" \/>\n\t<meta property=\"og:image:width\" content=\"1735\" \/>\n\t<meta property=\"og:image:height\" content=\"2285\" \/>\n\t<meta property=\"og:image:type\" content=\"image\/jpeg\" \/>\n<meta name=\"twitter:card\" content=\"summary_large_image\" \/>\n<meta name=\"twitter:label1\" content=\"Est. reading time\" \/>\n\t<meta name=\"twitter:data1\" content=\"2 minutes\" \/>\n<script type=\"application\/ld+json\" class=\"yoast-schema-graph\">{\"@context\":\"https:\/\/schema.org\",\"@graph\":[{\"@type\":\"WebPage\",\"@id\":\"https:\/\/www.hugot.fr\/en\/complex-litigation\/\",\"url\":\"https:\/\/www.hugot.fr\/en\/complex-litigation\/\",\"name\":\"COMPLEX LITIGATION LAWYER - HUGOT &amp; ASSOCIES\",\"isPartOf\":{\"@id\":\"https:\/\/www.hugot.fr\/en\/#website\"},\"primaryImageOfPage\":{\"@id\":\"https:\/\/www.hugot.fr\/en\/complex-litigation\/#primaryimage\"},\"image\":{\"@id\":\"https:\/\/www.hugot.fr\/en\/complex-litigation\/#primaryimage\"},\"thumbnailUrl\":\"https:\/\/www.hugot.fr\/wp-content\/uploads\/2024\/10\/droit-jeux-video-778x1024.jpg\",\"datePublished\":\"2024-07-31T16:34:31+00:00\",\"dateModified\":\"2024-11-12T16:33:25+00:00\",\"breadcrumb\":{\"@id\":\"https:\/\/www.hugot.fr\/en\/complex-litigation\/#breadcrumb\"},\"inLanguage\":\"en-US\",\"potentialAction\":[{\"@type\":\"ReadAction\",\"target\":[\"https:\/\/www.hugot.fr\/en\/complex-litigation\/\"]}]},{\"@type\":\"ImageObject\",\"inLanguage\":\"en-US\",\"@id\":\"https:\/\/www.hugot.fr\/en\/complex-litigation\/#primaryimage\",\"url\":\"https:\/\/www.hugot.fr\/wp-content\/uploads\/2024\/10\/droit-jeux-video-778x1024.jpg\",\"contentUrl\":\"https:\/\/www.hugot.fr\/wp-content\/uploads\/2024\/10\/droit-jeux-video-778x1024.jpg\"},{\"@type\":\"BreadcrumbList\",\"@id\":\"https:\/\/www.hugot.fr\/en\/complex-litigation\/#breadcrumb\",\"itemListElement\":[{\"@type\":\"ListItem\",\"position\":1,\"name\":\"Accueil\",\"item\":\"https:\/\/www.hugot.fr\/en\/\"},{\"@type\":\"ListItem\",\"position\":2,\"name\":\"Complex litigation\"}]},{\"@type\":\"WebSite\",\"@id\":\"https:\/\/www.hugot.fr\/en\/#website\",\"url\":\"https:\/\/www.hugot.fr\/en\/\",\"name\":\"HUGOT & ASSOCIES\",\"description\":\"HUGOT &amp; ASSOCI\u00c9S est un cabinet d\u2019affaires r\u00e9actif d\u00e9di\u00e9 aux soci\u00e9t\u00e9s et aux personnes des secteurs de la communication, des m\u00e9dias, de l\u2019art et des nouvelles technologies.\",\"publisher\":{\"@id\":\"https:\/\/www.hugot.fr\/en\/#organization\"},\"potentialAction\":[{\"@type\":\"SearchAction\",\"target\":{\"@type\":\"EntryPoint\",\"urlTemplate\":\"https:\/\/www.hugot.fr\/en\/?s={search_term_string}\"},\"query-input\":{\"@type\":\"PropertyValueSpecification\",\"valueRequired\":true,\"valueName\":\"search_term_string\"}}],\"inLanguage\":\"en-US\"},{\"@type\":\"Organization\",\"@id\":\"https:\/\/www.hugot.fr\/en\/#organization\",\"name\":\"HUGOT & ASSOCIES\",\"url\":\"https:\/\/www.hugot.fr\/en\/\",\"logo\":{\"@type\":\"ImageObject\",\"inLanguage\":\"en-US\",\"@id\":\"https:\/\/www.hugot.fr\/en\/#\/schema\/logo\/image\/\",\"url\":\"https:\/\/www.hugot.fr\/wp-content\/uploads\/2024\/08\/logo.svg\",\"contentUrl\":\"https:\/\/www.hugot.fr\/wp-content\/uploads\/2024\/08\/logo.svg\",\"width\":\"1024\",\"height\":\"1024\",\"caption\":\"HUGOT & ASSOCIES\"},\"image\":{\"@id\":\"https:\/\/www.hugot.fr\/en\/#\/schema\/logo\/image\/\"},\"sameAs\":[\"https:\/\/www.linkedin.com\/in\/jean-philippe-hugot-b94464\/\"]}]}<\/script>\n<!-- \/ Yoast SEO plugin. -->","yoast_head_json":{"title":"COMPLEX LITIGATION LAWYER - HUGOT &amp; ASSOCIES","robots":{"index":"index","follow":"follow","max-snippet":"max-snippet:-1","max-image-preview":"max-image-preview:large","max-video-preview":"max-video-preview:-1"},"canonical":"https:\/\/www.hugot.fr\/en\/complex-litigation\/","og_locale":"en_US","og_type":"article","og_title":"COMPLEX LITIGATION LAWYER - HUGOT &amp; ASSOCIES","og_description":"[ COMPLEX LITIGATION LAW] We have acquired an unrivalled experience in the field of complex litigation. What we do ? For over 20 years, we have been handling difficult and complex cases with many international implications, involving different types of law, such as civil and criminal, before various jurisdictions in France and abroad. We are [&hellip;]","og_url":"https:\/\/www.hugot.fr\/en\/complex-litigation\/","og_site_name":"HUGOT &amp; ASSOCIES","article_modified_time":"2024-11-12T16:33:25+00:00","og_image":[{"width":1735,"height":2285,"url":"https:\/\/www.hugot.fr\/wp-content\/uploads\/2024\/10\/droit-jeux-video.jpg","type":"image\/jpeg"}],"twitter_card":"summary_large_image","twitter_misc":{"Est. reading time":"2 minutes"},"schema":{"@context":"https:\/\/schema.org","@graph":[{"@type":"WebPage","@id":"https:\/\/www.hugot.fr\/en\/complex-litigation\/","url":"https:\/\/www.hugot.fr\/en\/complex-litigation\/","name":"COMPLEX LITIGATION LAWYER - HUGOT &amp; ASSOCIES","isPartOf":{"@id":"https:\/\/www.hugot.fr\/en\/#website"},"primaryImageOfPage":{"@id":"https:\/\/www.hugot.fr\/en\/complex-litigation\/#primaryimage"},"image":{"@id":"https:\/\/www.hugot.fr\/en\/complex-litigation\/#primaryimage"},"thumbnailUrl":"https:\/\/www.hugot.fr\/wp-content\/uploads\/2024\/10\/droit-jeux-video-778x1024.jpg","datePublished":"2024-07-31T16:34:31+00:00","dateModified":"2024-11-12T16:33:25+00:00","breadcrumb":{"@id":"https:\/\/www.hugot.fr\/en\/complex-litigation\/#breadcrumb"},"inLanguage":"en-US","potentialAction":[{"@type":"ReadAction","target":["https:\/\/www.hugot.fr\/en\/complex-litigation\/"]}]},{"@type":"ImageObject","inLanguage":"en-US","@id":"https:\/\/www.hugot.fr\/en\/complex-litigation\/#primaryimage","url":"https:\/\/www.hugot.fr\/wp-content\/uploads\/2024\/10\/droit-jeux-video-778x1024.jpg","contentUrl":"https:\/\/www.hugot.fr\/wp-content\/uploads\/2024\/10\/droit-jeux-video-778x1024.jpg"},{"@type":"BreadcrumbList","@id":"https:\/\/www.hugot.fr\/en\/complex-litigation\/#breadcrumb","itemListElement":[{"@type":"ListItem","position":1,"name":"Accueil","item":"https:\/\/www.hugot.fr\/en\/"},{"@type":"ListItem","position":2,"name":"Complex litigation"}]},{"@type":"WebSite","@id":"https:\/\/www.hugot.fr\/en\/#website","url":"https:\/\/www.hugot.fr\/en\/","name":"HUGOT & ASSOCIES","description":"HUGOT &amp; ASSOCI\u00c9S est un cabinet d\u2019affaires r\u00e9actif d\u00e9di\u00e9 aux soci\u00e9t\u00e9s et aux personnes des secteurs de la communication, des m\u00e9dias, de l\u2019art et des nouvelles technologies.","publisher":{"@id":"https:\/\/www.hugot.fr\/en\/#organization"},"potentialAction":[{"@type":"SearchAction","target":{"@type":"EntryPoint","urlTemplate":"https:\/\/www.hugot.fr\/en\/?s={search_term_string}"},"query-input":{"@type":"PropertyValueSpecification","valueRequired":true,"valueName":"search_term_string"}}],"inLanguage":"en-US"},{"@type":"Organization","@id":"https:\/\/www.hugot.fr\/en\/#organization","name":"HUGOT & ASSOCIES","url":"https:\/\/www.hugot.fr\/en\/","logo":{"@type":"ImageObject","inLanguage":"en-US","@id":"https:\/\/www.hugot.fr\/en\/#\/schema\/logo\/image\/","url":"https:\/\/www.hugot.fr\/wp-content\/uploads\/2024\/08\/logo.svg","contentUrl":"https:\/\/www.hugot.fr\/wp-content\/uploads\/2024\/08\/logo.svg","width":"1024","height":"1024","caption":"HUGOT & ASSOCIES"},"image":{"@id":"https:\/\/www.hugot.fr\/en\/#\/schema\/logo\/image\/"},"sameAs":["https:\/\/www.linkedin.com\/in\/jean-philippe-hugot-b94464\/"]}]}},"_links":{"self":[{"href":"https:\/\/www.hugot.fr\/en\/wp-json\/wp\/v2\/pages\/239","targetHints":{"allow":["GET"]}}],"collection":[{"href":"https:\/\/www.hugot.fr\/en\/wp-json\/wp\/v2\/pages"}],"about":[{"href":"https:\/\/www.hugot.fr\/en\/wp-json\/wp\/v2\/types\/page"}],"author":[{"embeddable":true,"href":"https:\/\/www.hugot.fr\/en\/wp-json\/wp\/v2\/users\/2"}],"replies":[{"embeddable":true,"href":"https:\/\/www.hugot.fr\/en\/wp-json\/wp\/v2\/comments?post=239"}],"version-history":[{"count":14,"href":"https:\/\/www.hugot.fr\/en\/wp-json\/wp\/v2\/pages\/239\/revisions"}],"predecessor-version":[{"id":1144,"href":"https:\/\/www.hugot.fr\/en\/wp-json\/wp\/v2\/pages\/239\/revisions\/1144"}],"wp:attachment":[{"href":"https:\/\/www.hugot.fr\/en\/wp-json\/wp\/v2\/media?parent=239"}],"curies":[{"name":"wp","href":"https:\/\/api.w.org\/{rel}","templated":true}]}}