{"id":237,"date":"2024-07-31T18:33:13","date_gmt":"2024-07-31T16:33:13","guid":{"rendered":"https:\/\/www.hugot.fr\/?page_id=237"},"modified":"2025-12-16T09:58:27","modified_gmt":"2025-12-16T08:58:27","slug":"art-law","status":"publish","type":"page","link":"https:\/\/www.hugot.fr\/en\/art-law\/","title":{"rendered":"Art law"},"content":{"rendered":"<h2>[ ART LAW]<\/h2>\n<p>Our firm specializes in art law and art market law, and handles complex, high-profile cases on behalf of a renowned clientele: museum institutions, art foundations, art galleries, well-known artists or their beneficiaries, auction houses and art experts.<\/p>\n<p><img loading=\"lazy\" decoding=\"async\" class=\"alignnone size-full wp-image-1060\" src=\"https:\/\/www.hugot.fr\/wp-content\/uploads\/2024\/11\/droit-art_11zon.jpg\" alt=\"\" width=\"1735\" height=\"1157\" srcset=\"https:\/\/www.hugot.fr\/wp-content\/uploads\/2024\/11\/droit-art_11zon.jpg 1735w, https:\/\/www.hugot.fr\/wp-content\/uploads\/2024\/11\/droit-art_11zon-300x200.jpg 300w, https:\/\/www.hugot.fr\/wp-content\/uploads\/2024\/11\/droit-art_11zon-1024x683.jpg 1024w, https:\/\/www.hugot.fr\/wp-content\/uploads\/2024\/11\/droit-art_11zon-768x512.jpg 768w, https:\/\/www.hugot.fr\/wp-content\/uploads\/2024\/11\/droit-art_11zon-1536x1024.jpg 1536w\" sizes=\"auto, (max-width: 1735px) 100vw, 1735px\" \/><\/p>\n<p>For example, we have acted for the Mus\u00e9e D\u2019Orsay in the management of international donations, or in litigation concerning claims involving works of art, for contentious artists\u2019 estates for painters such as Vuillard, Degottex, Zao Wou Ki, Braque, Hartung, but also for authors and writers such as G\u00e9rard de Villiers and major collectors.<\/p>\n<p>We also manage and defend the rights of numerous and famous photographers such as Raymond Cauchetier, Georges Pierre, Vincent Rossell, Dimitri Coste, Vincent Mercier, Francis Giacobetti.<\/p>\n<p>We provide consultancy services through protective and effective sales, deposit and commission contracts.<\/p>\n<p>In the event of disputes (litigation), our expertise enables us to manage complex litigation that often require the application of international law, with both civil and criminal issues at stake (misappropriation, forgery, theft, handling of stolen goods) in matters of intellectual property and inheritance rights, taking into account their specific features, such as moral rights protection, property rights, works of art, or dations in payment.<\/p>\n<p>We intervene in matters of sale cancellation, VSC liability, civil matters and counterfeiting.<\/p>\n<p><strong>We advise and defend museums, foundations, galleries, experts, artists, artists\u2019 estates and collectors in this field.<\/strong><\/p>\n<p><img loading=\"lazy\" decoding=\"async\" class=\"alignnone size-full wp-image-930\" src=\"https:\/\/www.hugot.fr\/wp-content\/uploads\/2024\/10\/medias-entertainment-marche-de-l-art-classement-2023-cabinet-d-avocats-france-simple-300x157-1.png\" alt=\"\" width=\"300\" height=\"157\" \/><\/p>\n<p><img loading=\"lazy\" decoding=\"async\" class=\"alignnone wp-image-927 size-medium\" src=\"https:\/\/www.hugot.fr\/wp-content\/uploads\/2024\/10\/medias-and-entertainment-marche-de-l-art-cabinet-d-avocats-france-2024-standard_page-0001-300x157.jpg\" alt=\"\" width=\"300\" height=\"157\" srcset=\"https:\/\/www.hugot.fr\/wp-content\/uploads\/2024\/10\/medias-and-entertainment-marche-de-l-art-cabinet-d-avocats-france-2024-standard_page-0001-300x157.jpg 300w, https:\/\/www.hugot.fr\/wp-content\/uploads\/2024\/10\/medias-and-entertainment-marche-de-l-art-cabinet-d-avocats-france-2024-standard_page-0001-1024x536.jpg 1024w, https:\/\/www.hugot.fr\/wp-content\/uploads\/2024\/10\/medias-and-entertainment-marche-de-l-art-cabinet-d-avocats-france-2024-standard_page-0001-768x402.jpg 768w, https:\/\/www.hugot.fr\/wp-content\/uploads\/2024\/10\/medias-and-entertainment-marche-de-l-art-cabinet-d-avocats-france-2024-standard_page-0001-1536x803.jpg 1536w, https:\/\/www.hugot.fr\/wp-content\/uploads\/2024\/10\/medias-and-entertainment-marche-de-l-art-cabinet-d-avocats-france-2024-standard_page-0001.jpg 1625w\" sizes=\"auto, (max-width: 300px) 100vw, 300px\" \/><\/p>\n<p><img loading=\"lazy\" decoding=\"async\" class=\"alignnone size-medium wp-image-1198\" src=\"https:\/\/www.hugot.fr\/wp-content\/uploads\/2025\/12\/leadersleague-label-certification-2025-12-15_marche_de_lart-300x157.jpg\" alt=\"\" width=\"300\" height=\"157\" srcset=\"https:\/\/www.hugot.fr\/wp-content\/uploads\/2025\/12\/leadersleague-label-certification-2025-12-15_marche_de_lart-300x157.jpg 300w, https:\/\/www.hugot.fr\/wp-content\/uploads\/2025\/12\/leadersleague-label-certification-2025-12-15_marche_de_lart-1024x536.jpg 1024w, https:\/\/www.hugot.fr\/wp-content\/uploads\/2025\/12\/leadersleague-label-certification-2025-12-15_marche_de_lart-768x402.jpg 768w, https:\/\/www.hugot.fr\/wp-content\/uploads\/2025\/12\/leadersleague-label-certification-2025-12-15_marche_de_lart.jpg 1040w\" sizes=\"auto, (max-width: 300px) 100vw, 300px\" \/><\/p>\n<p>&nbsp;<\/p>\n","protected":false},"excerpt":{"rendered":"<p>[ ART LAW] Our firm specializes in art law and art market law, and handles complex, high-profile cases on behalf of a renowned clientele: museum institutions, art foundations, art galleries, well-known artists or their beneficiaries, auction houses and art experts. For example, we have acted for the Mus\u00e9e D\u2019Orsay in the management of international donations, [&hellip;]<\/p>\n","protected":false},"author":2,"featured_media":0,"parent":0,"menu_order":4,"comment_status":"closed","ping_status":"closed","template":"","meta":{"_acf_changed":false,"inline_featured_image":false,"footnotes":""},"class_list":["post-237","page","type-page","status-publish","hentry"],"acf":[],"yoast_head":"<!-- This site is optimized with the Yoast SEO plugin v27.5 - https:\/\/yoast.com\/product\/yoast-seo-wordpress\/ -->\n<title>Art law - HUGOT &amp; ASSOCIES<\/title>\n<meta name=\"robots\" content=\"index, follow, max-snippet:-1, max-image-preview:large, max-video-preview:-1\" \/>\n<link rel=\"canonical\" href=\"https:\/\/www.hugot.fr\/en\/art-law\/\" \/>\n<meta property=\"og:locale\" content=\"en_US\" \/>\n<meta property=\"og:type\" content=\"article\" \/>\n<meta property=\"og:title\" content=\"Art law - HUGOT &amp; ASSOCIES\" \/>\n<meta property=\"og:description\" content=\"[ ART LAW] Our firm specializes in art law and art market law, and handles complex, high-profile cases on behalf of a renowned clientele: museum institutions, art foundations, art galleries, well-known artists or their beneficiaries, auction houses and art experts. For example, we have acted for the Mus\u00e9e D\u2019Orsay in the management of international donations, [&hellip;]\" \/>\n<meta property=\"og:url\" content=\"https:\/\/www.hugot.fr\/en\/art-law\/\" \/>\n<meta property=\"og:site_name\" content=\"HUGOT &amp; ASSOCIES\" \/>\n<meta property=\"article:modified_time\" content=\"2025-12-16T08:58:27+00:00\" \/>\n<meta property=\"og:image\" content=\"https:\/\/www.hugot.fr\/wp-content\/uploads\/2024\/11\/droit-art_11zon.jpg\" \/>\n\t<meta property=\"og:image:width\" content=\"1735\" \/>\n\t<meta property=\"og:image:height\" content=\"1157\" \/>\n\t<meta property=\"og:image:type\" content=\"image\/jpeg\" \/>\n<meta name=\"twitter:card\" content=\"summary_large_image\" \/>\n<meta name=\"twitter:label1\" content=\"Est. reading time\" \/>\n\t<meta name=\"twitter:data1\" content=\"2 minutes\" \/>\n<script type=\"application\/ld+json\" class=\"yoast-schema-graph\">{\"@context\":\"https:\\\/\\\/schema.org\",\"@graph\":[{\"@type\":\"WebPage\",\"@id\":\"https:\\\/\\\/www.hugot.fr\\\/en\\\/art-law\\\/\",\"url\":\"https:\\\/\\\/www.hugot.fr\\\/en\\\/art-law\\\/\",\"name\":\"Art law - HUGOT &amp; ASSOCIES\",\"isPartOf\":{\"@id\":\"https:\\\/\\\/www.hugot.fr\\\/en\\\/#website\"},\"primaryImageOfPage\":{\"@id\":\"https:\\\/\\\/www.hugot.fr\\\/en\\\/art-law\\\/#primaryimage\"},\"image\":{\"@id\":\"https:\\\/\\\/www.hugot.fr\\\/en\\\/art-law\\\/#primaryimage\"},\"thumbnailUrl\":\"https:\\\/\\\/www.hugot.fr\\\/wp-content\\\/uploads\\\/2024\\\/11\\\/droit-art_11zon.jpg\",\"datePublished\":\"2024-07-31T16:33:13+00:00\",\"dateModified\":\"2025-12-16T08:58:27+00:00\",\"breadcrumb\":{\"@id\":\"https:\\\/\\\/www.hugot.fr\\\/en\\\/art-law\\\/#breadcrumb\"},\"inLanguage\":\"en-US\",\"potentialAction\":[{\"@type\":\"ReadAction\",\"target\":[\"https:\\\/\\\/www.hugot.fr\\\/en\\\/art-law\\\/\"]}]},{\"@type\":\"ImageObject\",\"inLanguage\":\"en-US\",\"@id\":\"https:\\\/\\\/www.hugot.fr\\\/en\\\/art-law\\\/#primaryimage\",\"url\":\"https:\\\/\\\/www.hugot.fr\\\/wp-content\\\/uploads\\\/2024\\\/11\\\/droit-art_11zon.jpg\",\"contentUrl\":\"https:\\\/\\\/www.hugot.fr\\\/wp-content\\\/uploads\\\/2024\\\/11\\\/droit-art_11zon.jpg\"},{\"@type\":\"BreadcrumbList\",\"@id\":\"https:\\\/\\\/www.hugot.fr\\\/en\\\/art-law\\\/#breadcrumb\",\"itemListElement\":[{\"@type\":\"ListItem\",\"position\":1,\"name\":\"Accueil\",\"item\":\"https:\\\/\\\/www.hugot.fr\\\/en\\\/\"},{\"@type\":\"ListItem\",\"position\":2,\"name\":\"Art law\"}]},{\"@type\":\"WebSite\",\"@id\":\"https:\\\/\\\/www.hugot.fr\\\/en\\\/#website\",\"url\":\"https:\\\/\\\/www.hugot.fr\\\/en\\\/\",\"name\":\"HUGOT & ASSOCIES\",\"description\":\"HUGOT &amp; ASSOCI\u00c9S est un cabinet d\u2019affaires r\u00e9actif d\u00e9di\u00e9 aux soci\u00e9t\u00e9s et aux personnes des secteurs de la communication, des m\u00e9dias, de l\u2019art et des nouvelles technologies.\",\"publisher\":{\"@id\":\"https:\\\/\\\/www.hugot.fr\\\/en\\\/#organization\"},\"potentialAction\":[{\"@type\":\"SearchAction\",\"target\":{\"@type\":\"EntryPoint\",\"urlTemplate\":\"https:\\\/\\\/www.hugot.fr\\\/en\\\/?s={search_term_string}\"},\"query-input\":{\"@type\":\"PropertyValueSpecification\",\"valueRequired\":true,\"valueName\":\"search_term_string\"}}],\"inLanguage\":\"en-US\"},{\"@type\":\"Organization\",\"@id\":\"https:\\\/\\\/www.hugot.fr\\\/en\\\/#organization\",\"name\":\"HUGOT & ASSOCIES\",\"url\":\"https:\\\/\\\/www.hugot.fr\\\/en\\\/\",\"logo\":{\"@type\":\"ImageObject\",\"inLanguage\":\"en-US\",\"@id\":\"https:\\\/\\\/www.hugot.fr\\\/en\\\/#\\\/schema\\\/logo\\\/image\\\/\",\"url\":\"https:\\\/\\\/www.hugot.fr\\\/wp-content\\\/uploads\\\/2024\\\/08\\\/logo.svg\",\"contentUrl\":\"https:\\\/\\\/www.hugot.fr\\\/wp-content\\\/uploads\\\/2024\\\/08\\\/logo.svg\",\"width\":\"1024\",\"height\":\"1024\",\"caption\":\"HUGOT & ASSOCIES\"},\"image\":{\"@id\":\"https:\\\/\\\/www.hugot.fr\\\/en\\\/#\\\/schema\\\/logo\\\/image\\\/\"},\"sameAs\":[\"https:\\\/\\\/www.linkedin.com\\\/in\\\/jean-philippe-hugot-b94464\\\/\"]}]}<\/script>\n<!-- \/ Yoast SEO plugin. -->","yoast_head_json":{"title":"Art law - HUGOT &amp; ASSOCIES","robots":{"index":"index","follow":"follow","max-snippet":"max-snippet:-1","max-image-preview":"max-image-preview:large","max-video-preview":"max-video-preview:-1"},"canonical":"https:\/\/www.hugot.fr\/en\/art-law\/","og_locale":"en_US","og_type":"article","og_title":"Art law - HUGOT &amp; ASSOCIES","og_description":"[ ART LAW] Our firm specializes in art law and art market law, and handles complex, high-profile cases on behalf of a renowned clientele: museum institutions, art foundations, art galleries, well-known artists or their beneficiaries, auction houses and art experts. For example, we have acted for the Mus\u00e9e D\u2019Orsay in the management of international donations, [&hellip;]","og_url":"https:\/\/www.hugot.fr\/en\/art-law\/","og_site_name":"HUGOT &amp; ASSOCIES","article_modified_time":"2025-12-16T08:58:27+00:00","og_image":[{"width":1735,"height":1157,"url":"https:\/\/www.hugot.fr\/wp-content\/uploads\/2024\/11\/droit-art_11zon.jpg","type":"image\/jpeg"}],"twitter_card":"summary_large_image","twitter_misc":{"Est. reading time":"2 minutes"},"schema":{"@context":"https:\/\/schema.org","@graph":[{"@type":"WebPage","@id":"https:\/\/www.hugot.fr\/en\/art-law\/","url":"https:\/\/www.hugot.fr\/en\/art-law\/","name":"Art law - HUGOT &amp; ASSOCIES","isPartOf":{"@id":"https:\/\/www.hugot.fr\/en\/#website"},"primaryImageOfPage":{"@id":"https:\/\/www.hugot.fr\/en\/art-law\/#primaryimage"},"image":{"@id":"https:\/\/www.hugot.fr\/en\/art-law\/#primaryimage"},"thumbnailUrl":"https:\/\/www.hugot.fr\/wp-content\/uploads\/2024\/11\/droit-art_11zon.jpg","datePublished":"2024-07-31T16:33:13+00:00","dateModified":"2025-12-16T08:58:27+00:00","breadcrumb":{"@id":"https:\/\/www.hugot.fr\/en\/art-law\/#breadcrumb"},"inLanguage":"en-US","potentialAction":[{"@type":"ReadAction","target":["https:\/\/www.hugot.fr\/en\/art-law\/"]}]},{"@type":"ImageObject","inLanguage":"en-US","@id":"https:\/\/www.hugot.fr\/en\/art-law\/#primaryimage","url":"https:\/\/www.hugot.fr\/wp-content\/uploads\/2024\/11\/droit-art_11zon.jpg","contentUrl":"https:\/\/www.hugot.fr\/wp-content\/uploads\/2024\/11\/droit-art_11zon.jpg"},{"@type":"BreadcrumbList","@id":"https:\/\/www.hugot.fr\/en\/art-law\/#breadcrumb","itemListElement":[{"@type":"ListItem","position":1,"name":"Accueil","item":"https:\/\/www.hugot.fr\/en\/"},{"@type":"ListItem","position":2,"name":"Art law"}]},{"@type":"WebSite","@id":"https:\/\/www.hugot.fr\/en\/#website","url":"https:\/\/www.hugot.fr\/en\/","name":"HUGOT & ASSOCIES","description":"HUGOT &amp; ASSOCI\u00c9S est un cabinet d\u2019affaires r\u00e9actif d\u00e9di\u00e9 aux soci\u00e9t\u00e9s et aux personnes des secteurs de la communication, des m\u00e9dias, de l\u2019art et des nouvelles technologies.","publisher":{"@id":"https:\/\/www.hugot.fr\/en\/#organization"},"potentialAction":[{"@type":"SearchAction","target":{"@type":"EntryPoint","urlTemplate":"https:\/\/www.hugot.fr\/en\/?s={search_term_string}"},"query-input":{"@type":"PropertyValueSpecification","valueRequired":true,"valueName":"search_term_string"}}],"inLanguage":"en-US"},{"@type":"Organization","@id":"https:\/\/www.hugot.fr\/en\/#organization","name":"HUGOT & ASSOCIES","url":"https:\/\/www.hugot.fr\/en\/","logo":{"@type":"ImageObject","inLanguage":"en-US","@id":"https:\/\/www.hugot.fr\/en\/#\/schema\/logo\/image\/","url":"https:\/\/www.hugot.fr\/wp-content\/uploads\/2024\/08\/logo.svg","contentUrl":"https:\/\/www.hugot.fr\/wp-content\/uploads\/2024\/08\/logo.svg","width":"1024","height":"1024","caption":"HUGOT & ASSOCIES"},"image":{"@id":"https:\/\/www.hugot.fr\/en\/#\/schema\/logo\/image\/"},"sameAs":["https:\/\/www.linkedin.com\/in\/jean-philippe-hugot-b94464\/"]}]}},"_links":{"self":[{"href":"https:\/\/www.hugot.fr\/en\/wp-json\/wp\/v2\/pages\/237","targetHints":{"allow":["GET"]}}],"collection":[{"href":"https:\/\/www.hugot.fr\/en\/wp-json\/wp\/v2\/pages"}],"about":[{"href":"https:\/\/www.hugot.fr\/en\/wp-json\/wp\/v2\/types\/page"}],"author":[{"embeddable":true,"href":"https:\/\/www.hugot.fr\/en\/wp-json\/wp\/v2\/users\/2"}],"replies":[{"embeddable":true,"href":"https:\/\/www.hugot.fr\/en\/wp-json\/wp\/v2\/comments?post=237"}],"version-history":[{"count":21,"href":"https:\/\/www.hugot.fr\/en\/wp-json\/wp\/v2\/pages\/237\/revisions"}],"predecessor-version":[{"id":1200,"href":"https:\/\/www.hugot.fr\/en\/wp-json\/wp\/v2\/pages\/237\/revisions\/1200"}],"wp:attachment":[{"href":"https:\/\/www.hugot.fr\/en\/wp-json\/wp\/v2\/media?parent=237"}],"curies":[{"name":"wp","href":"https:\/\/api.w.org\/{rel}","templated":true}]}}