{"id":234,"date":"2024-07-31T18:33:57","date_gmt":"2024-07-31T16:33:57","guid":{"rendered":"https:\/\/www.hugot.fr\/?page_id=234"},"modified":"2024-12-18T09:23:35","modified_gmt":"2024-12-18T08:23:35","slug":"inheritance-law","status":"publish","type":"page","link":"https:\/\/www.hugot.fr\/en\/inheritance-law\/","title":{"rendered":"INHERITANCE LAW"},"content":{"rendered":"<h2>[ INHERITANCE LAW &amp; ART LAW ]<\/h2>\n<p>Our firm can help you anticipate your succession and prevent and avoid potential conflicts between your heirs.<\/p>\n<p>We work to facilitate the transfer of your movable and immovable assets, while guaranteeing the validity of the solutions adopted and the deeds drawn up (creation of a non-trading property company, donations, testamentary provisions, taking out a life insurance policy, etc.).<\/p>\n<p><img loading=\"lazy\" decoding=\"async\" class=\"alignnone wp-image-1163 size-full\" src=\"https:\/\/www.hugot.fr\/wp-content\/uploads\/2024\/12\/1G7A2355_11zon.jpg\" alt=\"\" width=\"3679\" height=\"2453\" srcset=\"https:\/\/www.hugot.fr\/wp-content\/uploads\/2024\/12\/1G7A2355_11zon.jpg 3679w, https:\/\/www.hugot.fr\/wp-content\/uploads\/2024\/12\/1G7A2355_11zon-300x200.jpg 300w, https:\/\/www.hugot.fr\/wp-content\/uploads\/2024\/12\/1G7A2355_11zon-1024x683.jpg 1024w, https:\/\/www.hugot.fr\/wp-content\/uploads\/2024\/12\/1G7A2355_11zon-768x512.jpg 768w, https:\/\/www.hugot.fr\/wp-content\/uploads\/2024\/12\/1G7A2355_11zon-1536x1024.jpg 1536w, https:\/\/www.hugot.fr\/wp-content\/uploads\/2024\/12\/1G7A2355_11zon-2048x1366.jpg 2048w\" sizes=\"auto, (max-width: 3679px) 100vw, 3679px\" \/><\/p>\n<p>Our team, renowned in this field, can help you settle the estate of one of your loved ones, in a context that is often emotionally difficult. We ensure that the terms of the division strictly respect your rights and comply with your wishes.<\/p>\n<p>We guide you in choosing the most appropriate option in light of the inheritance\u2019s financial and tax implications (outright acceptance, acceptance up to the net assets, renunciation in the event of excessive liabilities).<\/p>\n<p>We work in collaboration with notaries and auctioneers to facilitate the administration and liquidation of the undivided estate, and to establish a constructive dialogue with your various contacts (co-divisors, tax authorities, banks, social organizations, etc.).<\/p>\n<p>Dedicated to protecting your interests, we are and act as your partners, able to resolve any disagreements between heirs and develop the negotiating levers needed to formalize an amicable division.<\/p>\n<p>If you feel that your rights as an heir have been disregarded, we are competent to take any contentious action necessary to re-establish law and equity. For example, we can contest the validity of a will if there is evidence of abuse of weakness or lack of consent.<\/p>\n<p>Similarly, we are competent to act in the event that the deceased has made gifts \u2013 whether disguised or not \u2013 and\/or bequests that encroach on your rights as heir (action for nullity, action for reduction), or when one of the co-divisors occupies one of the estate\u2019s assets without untying the purse (payment of an occupancy indemnity).<\/p>\n<p>&nbsp;<\/p>\n","protected":false},"excerpt":{"rendered":"<p>[ INHERITANCE LAW &amp; ART LAW ] Our firm can help you anticipate your succession and prevent and avoid potential conflicts between your heirs. We work to facilitate the transfer of your movable and immovable assets, while guaranteeing the validity of the solutions adopted and the deeds drawn up (creation of a non-trading property company, [&hellip;]<\/p>\n","protected":false},"author":2,"featured_media":0,"parent":0,"menu_order":5,"comment_status":"closed","ping_status":"closed","template":"","meta":{"_acf_changed":false,"inline_featured_image":false,"footnotes":""},"class_list":["post-234","page","type-page","status-publish","hentry"],"acf":[],"yoast_head":"<!-- This site is optimized with the Yoast SEO plugin v27.5 - https:\/\/yoast.com\/product\/yoast-seo-wordpress\/ -->\n<title>INHERITANCE LAW &amp; ART LAW - HUGOT &amp; ASSOCIES<\/title>\n<meta name=\"robots\" content=\"index, follow, max-snippet:-1, max-image-preview:large, max-video-preview:-1\" \/>\n<link rel=\"canonical\" href=\"https:\/\/www.hugot.fr\/en\/inheritance-law\/\" \/>\n<meta property=\"og:locale\" content=\"en_US\" \/>\n<meta property=\"og:type\" content=\"article\" \/>\n<meta property=\"og:title\" content=\"INHERITANCE LAW &amp; ART LAW - HUGOT &amp; ASSOCIES\" \/>\n<meta property=\"og:description\" content=\"[ INHERITANCE LAW &amp; ART LAW ] Our firm can help you anticipate your succession and prevent and avoid potential conflicts between your heirs. We work to facilitate the transfer of your movable and immovable assets, while guaranteeing the validity of the solutions adopted and the deeds drawn up (creation of a non-trading property company, [&hellip;]\" \/>\n<meta property=\"og:url\" content=\"https:\/\/www.hugot.fr\/en\/inheritance-law\/\" \/>\n<meta property=\"og:site_name\" content=\"HUGOT &amp; ASSOCIES\" \/>\n<meta property=\"article:modified_time\" content=\"2024-12-18T08:23:35+00:00\" \/>\n<meta property=\"og:image\" content=\"https:\/\/www.hugot.fr\/wp-content\/uploads\/2024\/12\/1G7A2355_11zon.jpg\" \/>\n\t<meta property=\"og:image:width\" content=\"3679\" \/>\n\t<meta property=\"og:image:height\" content=\"2453\" \/>\n\t<meta property=\"og:image:type\" content=\"image\/jpeg\" \/>\n<meta name=\"twitter:card\" content=\"summary_large_image\" \/>\n<meta name=\"twitter:label1\" content=\"Est. reading time\" \/>\n\t<meta name=\"twitter:data1\" content=\"2 minutes\" \/>\n<script type=\"application\/ld+json\" class=\"yoast-schema-graph\">{\"@context\":\"https:\\\/\\\/schema.org\",\"@graph\":[{\"@type\":\"WebPage\",\"@id\":\"https:\\\/\\\/www.hugot.fr\\\/en\\\/inheritance-law\\\/\",\"url\":\"https:\\\/\\\/www.hugot.fr\\\/en\\\/inheritance-law\\\/\",\"name\":\"INHERITANCE LAW & ART LAW - HUGOT &amp; ASSOCIES\",\"isPartOf\":{\"@id\":\"https:\\\/\\\/www.hugot.fr\\\/en\\\/#website\"},\"primaryImageOfPage\":{\"@id\":\"https:\\\/\\\/www.hugot.fr\\\/en\\\/inheritance-law\\\/#primaryimage\"},\"image\":{\"@id\":\"https:\\\/\\\/www.hugot.fr\\\/en\\\/inheritance-law\\\/#primaryimage\"},\"thumbnailUrl\":\"https:\\\/\\\/www.hugot.fr\\\/wp-content\\\/uploads\\\/2024\\\/12\\\/1G7A2355_11zon.jpg\",\"datePublished\":\"2024-07-31T16:33:57+00:00\",\"dateModified\":\"2024-12-18T08:23:35+00:00\",\"breadcrumb\":{\"@id\":\"https:\\\/\\\/www.hugot.fr\\\/en\\\/inheritance-law\\\/#breadcrumb\"},\"inLanguage\":\"en-US\",\"potentialAction\":[{\"@type\":\"ReadAction\",\"target\":[\"https:\\\/\\\/www.hugot.fr\\\/en\\\/inheritance-law\\\/\"]}]},{\"@type\":\"ImageObject\",\"inLanguage\":\"en-US\",\"@id\":\"https:\\\/\\\/www.hugot.fr\\\/en\\\/inheritance-law\\\/#primaryimage\",\"url\":\"https:\\\/\\\/www.hugot.fr\\\/wp-content\\\/uploads\\\/2024\\\/12\\\/1G7A2355_11zon.jpg\",\"contentUrl\":\"https:\\\/\\\/www.hugot.fr\\\/wp-content\\\/uploads\\\/2024\\\/12\\\/1G7A2355_11zon.jpg\"},{\"@type\":\"BreadcrumbList\",\"@id\":\"https:\\\/\\\/www.hugot.fr\\\/en\\\/inheritance-law\\\/#breadcrumb\",\"itemListElement\":[{\"@type\":\"ListItem\",\"position\":1,\"name\":\"Accueil\",\"item\":\"https:\\\/\\\/www.hugot.fr\\\/en\\\/\"},{\"@type\":\"ListItem\",\"position\":2,\"name\":\"INHERITANCE LAW\"}]},{\"@type\":\"WebSite\",\"@id\":\"https:\\\/\\\/www.hugot.fr\\\/en\\\/#website\",\"url\":\"https:\\\/\\\/www.hugot.fr\\\/en\\\/\",\"name\":\"HUGOT & ASSOCIES\",\"description\":\"HUGOT &amp; ASSOCI\u00c9S est un cabinet d\u2019affaires r\u00e9actif d\u00e9di\u00e9 aux soci\u00e9t\u00e9s et aux personnes des secteurs de la communication, des m\u00e9dias, de l\u2019art et des nouvelles technologies.\",\"publisher\":{\"@id\":\"https:\\\/\\\/www.hugot.fr\\\/en\\\/#organization\"},\"potentialAction\":[{\"@type\":\"SearchAction\",\"target\":{\"@type\":\"EntryPoint\",\"urlTemplate\":\"https:\\\/\\\/www.hugot.fr\\\/en\\\/?s={search_term_string}\"},\"query-input\":{\"@type\":\"PropertyValueSpecification\",\"valueRequired\":true,\"valueName\":\"search_term_string\"}}],\"inLanguage\":\"en-US\"},{\"@type\":\"Organization\",\"@id\":\"https:\\\/\\\/www.hugot.fr\\\/en\\\/#organization\",\"name\":\"HUGOT & ASSOCIES\",\"url\":\"https:\\\/\\\/www.hugot.fr\\\/en\\\/\",\"logo\":{\"@type\":\"ImageObject\",\"inLanguage\":\"en-US\",\"@id\":\"https:\\\/\\\/www.hugot.fr\\\/en\\\/#\\\/schema\\\/logo\\\/image\\\/\",\"url\":\"https:\\\/\\\/www.hugot.fr\\\/wp-content\\\/uploads\\\/2024\\\/08\\\/logo.svg\",\"contentUrl\":\"https:\\\/\\\/www.hugot.fr\\\/wp-content\\\/uploads\\\/2024\\\/08\\\/logo.svg\",\"width\":\"1024\",\"height\":\"1024\",\"caption\":\"HUGOT & ASSOCIES\"},\"image\":{\"@id\":\"https:\\\/\\\/www.hugot.fr\\\/en\\\/#\\\/schema\\\/logo\\\/image\\\/\"},\"sameAs\":[\"https:\\\/\\\/www.linkedin.com\\\/in\\\/jean-philippe-hugot-b94464\\\/\"]}]}<\/script>\n<!-- \/ Yoast SEO plugin. -->","yoast_head_json":{"title":"INHERITANCE LAW & ART LAW - HUGOT &amp; ASSOCIES","robots":{"index":"index","follow":"follow","max-snippet":"max-snippet:-1","max-image-preview":"max-image-preview:large","max-video-preview":"max-video-preview:-1"},"canonical":"https:\/\/www.hugot.fr\/en\/inheritance-law\/","og_locale":"en_US","og_type":"article","og_title":"INHERITANCE LAW & ART LAW - HUGOT &amp; ASSOCIES","og_description":"[ INHERITANCE LAW &amp; ART LAW ] Our firm can help you anticipate your succession and prevent and avoid potential conflicts between your heirs. We work to facilitate the transfer of your movable and immovable assets, while guaranteeing the validity of the solutions adopted and the deeds drawn up (creation of a non-trading property company, [&hellip;]","og_url":"https:\/\/www.hugot.fr\/en\/inheritance-law\/","og_site_name":"HUGOT &amp; ASSOCIES","article_modified_time":"2024-12-18T08:23:35+00:00","og_image":[{"width":3679,"height":2453,"url":"https:\/\/www.hugot.fr\/wp-content\/uploads\/2024\/12\/1G7A2355_11zon.jpg","type":"image\/jpeg"}],"twitter_card":"summary_large_image","twitter_misc":{"Est. reading time":"2 minutes"},"schema":{"@context":"https:\/\/schema.org","@graph":[{"@type":"WebPage","@id":"https:\/\/www.hugot.fr\/en\/inheritance-law\/","url":"https:\/\/www.hugot.fr\/en\/inheritance-law\/","name":"INHERITANCE LAW & ART LAW - HUGOT &amp; ASSOCIES","isPartOf":{"@id":"https:\/\/www.hugot.fr\/en\/#website"},"primaryImageOfPage":{"@id":"https:\/\/www.hugot.fr\/en\/inheritance-law\/#primaryimage"},"image":{"@id":"https:\/\/www.hugot.fr\/en\/inheritance-law\/#primaryimage"},"thumbnailUrl":"https:\/\/www.hugot.fr\/wp-content\/uploads\/2024\/12\/1G7A2355_11zon.jpg","datePublished":"2024-07-31T16:33:57+00:00","dateModified":"2024-12-18T08:23:35+00:00","breadcrumb":{"@id":"https:\/\/www.hugot.fr\/en\/inheritance-law\/#breadcrumb"},"inLanguage":"en-US","potentialAction":[{"@type":"ReadAction","target":["https:\/\/www.hugot.fr\/en\/inheritance-law\/"]}]},{"@type":"ImageObject","inLanguage":"en-US","@id":"https:\/\/www.hugot.fr\/en\/inheritance-law\/#primaryimage","url":"https:\/\/www.hugot.fr\/wp-content\/uploads\/2024\/12\/1G7A2355_11zon.jpg","contentUrl":"https:\/\/www.hugot.fr\/wp-content\/uploads\/2024\/12\/1G7A2355_11zon.jpg"},{"@type":"BreadcrumbList","@id":"https:\/\/www.hugot.fr\/en\/inheritance-law\/#breadcrumb","itemListElement":[{"@type":"ListItem","position":1,"name":"Accueil","item":"https:\/\/www.hugot.fr\/en\/"},{"@type":"ListItem","position":2,"name":"INHERITANCE LAW"}]},{"@type":"WebSite","@id":"https:\/\/www.hugot.fr\/en\/#website","url":"https:\/\/www.hugot.fr\/en\/","name":"HUGOT & ASSOCIES","description":"HUGOT &amp; ASSOCI\u00c9S est un cabinet d\u2019affaires r\u00e9actif d\u00e9di\u00e9 aux soci\u00e9t\u00e9s et aux personnes des secteurs de la communication, des m\u00e9dias, de l\u2019art et des nouvelles technologies.","publisher":{"@id":"https:\/\/www.hugot.fr\/en\/#organization"},"potentialAction":[{"@type":"SearchAction","target":{"@type":"EntryPoint","urlTemplate":"https:\/\/www.hugot.fr\/en\/?s={search_term_string}"},"query-input":{"@type":"PropertyValueSpecification","valueRequired":true,"valueName":"search_term_string"}}],"inLanguage":"en-US"},{"@type":"Organization","@id":"https:\/\/www.hugot.fr\/en\/#organization","name":"HUGOT & ASSOCIES","url":"https:\/\/www.hugot.fr\/en\/","logo":{"@type":"ImageObject","inLanguage":"en-US","@id":"https:\/\/www.hugot.fr\/en\/#\/schema\/logo\/image\/","url":"https:\/\/www.hugot.fr\/wp-content\/uploads\/2024\/08\/logo.svg","contentUrl":"https:\/\/www.hugot.fr\/wp-content\/uploads\/2024\/08\/logo.svg","width":"1024","height":"1024","caption":"HUGOT & ASSOCIES"},"image":{"@id":"https:\/\/www.hugot.fr\/en\/#\/schema\/logo\/image\/"},"sameAs":["https:\/\/www.linkedin.com\/in\/jean-philippe-hugot-b94464\/"]}]}},"_links":{"self":[{"href":"https:\/\/www.hugot.fr\/en\/wp-json\/wp\/v2\/pages\/234","targetHints":{"allow":["GET"]}}],"collection":[{"href":"https:\/\/www.hugot.fr\/en\/wp-json\/wp\/v2\/pages"}],"about":[{"href":"https:\/\/www.hugot.fr\/en\/wp-json\/wp\/v2\/types\/page"}],"author":[{"embeddable":true,"href":"https:\/\/www.hugot.fr\/en\/wp-json\/wp\/v2\/users\/2"}],"replies":[{"embeddable":true,"href":"https:\/\/www.hugot.fr\/en\/wp-json\/wp\/v2\/comments?post=234"}],"version-history":[{"count":14,"href":"https:\/\/www.hugot.fr\/en\/wp-json\/wp\/v2\/pages\/234\/revisions"}],"predecessor-version":[{"id":1167,"href":"https:\/\/www.hugot.fr\/en\/wp-json\/wp\/v2\/pages\/234\/revisions\/1167"}],"wp:attachment":[{"href":"https:\/\/www.hugot.fr\/en\/wp-json\/wp\/v2\/media?parent=234"}],"curies":[{"name":"wp","href":"https:\/\/api.w.org\/{rel}","templated":true}]}}